{"id":23650,"date":"2025-09-15T16:06:14","date_gmt":"2025-09-15T14:06:14","guid":{"rendered":"https:\/\/tankuam.com\/?page_id=23650"},"modified":"2025-09-15T16:13:24","modified_gmt":"2025-09-15T14:13:24","slug":"cert_verifactu","status":"publish","type":"page","link":"https:\/\/tankuam.com\/es\/cert_verifactu\/","title":{"rendered":"Certificat Verifactu"},"content":{"rendered":"<div data-elementor-type=\"wp-page\" data-elementor-id=\"23650\" class=\"elementor elementor-23650\" data-elementor-post-type=\"page\">\n\t\t\t\t\t\t<div class=\"elementor-inner\">\n\t\t\t\t<div class=\"elementor-section-wrap\">\n\t\t\t\t\t\t\t\t\t<section class=\"elementor-section elementor-top-section elementor-element elementor-element-a2499e8 elementor-section-boxed elementor-section-height-default elementor-section-height-default\" data-id=\"a2499e8\" data-element_type=\"section\" data-settings=\"{&quot;jet_parallax_layout_list&quot;:[],&quot;background_background&quot;:&quot;classic&quot;}\">\n\t\t\t\t\t\t<div class=\"elementor-container elementor-column-gap-default\">\n\t\t\t\t\t\t\t<div class=\"elementor-row\">\n\t\t\t\t\t<div class=\"elementor-column elementor-col-100 elementor-top-column elementor-element elementor-element-b66c668\" data-id=\"b66c668\" data-element_type=\"column\">\n\t\t\t<div class=\"elementor-column-wrap elementor-element-populated\">\n\t\t\t\t\t\t\t<div class=\"elementor-widget-wrap\">\n\t\t\t\t\t\t<div class=\"elementor-element elementor-element-f51b65a elementor-widget elementor-widget-image\" data-id=\"f51b65a\" data-element_type=\"widget\" data-widget_type=\"image.default\">\n\t\t\t\t<div class=\"elementor-widget-container\">\n\t\t\t\t\t\t\t\t<div class=\"elementor-image\">\n\t\t\t\t\t\t\t\t\t\t\t\t\t<a href=\"https:\/\/tankuam.com\/wp-content\/uploads\/2025\/09\/Declaracion-Responsable-Kompini.pdf\">\n\t\t\t\t\t\t\t<img decoding=\"async\" src=\"https:\/\/tankuam.com\/wp-content\/uploads\/elementor\/thumbs\/Declaracion-Responsable-Kompini-scaled-rbsocjbmesp86xqpsyfiqqt00n6lrqcqdm8pvkxv38.jpg\" title=\"Declaracio\u0301n Responsable Kompini\" alt=\"Declaracio\u0301n Responsable Kompini\" loading=\"lazy\" \/>\t\t\t\t\t\t\t\t<\/a>\n\t\t\t\t\t\t\t\t\t\t\t\t\t\t<\/div>\n\t\t\t\t\t\t<\/div>\n\t\t\t\t<\/div>\n\t\t\t\t<div class=\"elementor-element elementor-element-41b8c52 elementor-widget elementor-widget-text-editor\" data-id=\"41b8c52\" data-element_type=\"widget\" data-widget_type=\"text-editor.default\">\n\t\t\t\t<div class=\"elementor-widget-container\">\n\t\t\t\t\t\t\t\t<div class=\"elementor-text-editor elementor-clearfix\">\n\t\t\t\t<p>Pots consultar la versi\u00f3 complerta de l&#8217;autocertificat clicant al seg\u00fcent <a href=\"https:\/\/tankuam.com\/wp-content\/uploads\/2025\/09\/Declaracion-Responsable-Kompini.pdf\">enlla\u00e7<\/a><\/p>\t\t\t\t\t<\/div>\n\t\t\t\t\t\t<\/div>\n\t\t\t\t<\/div>\n\t\t\t\t\t\t<\/div>\n\t\t\t\t\t<\/div>\n\t\t<\/div>\n\t\t\t\t\t\t\t\t<\/div>\n\t\t\t\t\t<\/div>\n\t\t<\/section>\n\t\t\t\t<section class=\"elementor-section elementor-top-section elementor-element elementor-element-7d779d5 elementor-section-boxed elementor-section-height-default elementor-section-height-default\" data-id=\"7d779d5\" data-element_type=\"section\" data-settings=\"{&quot;jet_parallax_layout_list&quot;:[]}\">\n\t\t\t\t\t\t<div class=\"elementor-container elementor-column-gap-default\">\n\t\t\t\t\t\t\t<div class=\"elementor-row\">\n\t\t\t\t\t<div class=\"elementor-column elementor-col-100 elementor-top-column elementor-element elementor-element-1a08c67\" data-id=\"1a08c67\" data-element_type=\"column\">\n\t\t\t<div class=\"elementor-column-wrap elementor-element-populated\">\n\t\t\t\t\t\t\t<div class=\"elementor-widget-wrap\">\n\t\t\t\t\t\t<div class=\"elementor-element elementor-element-82bddd8 elementor-widget elementor-widget-heading\" data-id=\"82bddd8\" data-element_type=\"widget\" data-widget_type=\"heading.default\">\n\t\t\t\t<div class=\"elementor-widget-container\">\n\t\t\t<h2 class=\"elementor-heading-title elementor-size-default\">Tens algun dubte?<\/h2>\t\t<\/div>\n\t\t\t\t<\/div>\n\t\t\t\t<div class=\"elementor-element elementor-element-9ec0b58 elementor-widget elementor-widget-text-editor\" data-id=\"9ec0b58\" data-element_type=\"widget\" data-widget_type=\"text-editor.default\">\n\t\t\t\t<div class=\"elementor-widget-container\">\n\t\t\t\t\t\t\t\t<div class=\"elementor-text-editor elementor-clearfix\">\n\t\t\t\t<p>Reserva una reuni\u00f3 virtual amb un dels nostres assessors, et resoldrem tots els dubtes!<\/p>\t\t\t\t\t<\/div>\n\t\t\t\t\t\t<\/div>\n\t\t\t\t<\/div>\n\t\t\t\t<div class=\"elementor-element elementor-element-1913811 elementor-align-center elementor-widget elementor-widget-button\" data-id=\"1913811\" data-element_type=\"widget\" data-widget_type=\"button.default\">\n\t\t\t\t<div class=\"elementor-widget-container\">\n\t\t\t\t\t<div class=\"elementor-button-wrapper\">\n\t\t\t<a class=\"elementor-button elementor-button-link elementor-size-sm\" href=\"https:\/\/kompinicom.pipedrive.com\/scheduler\/Y8jQW3Sw\/demo-online-tankuam\">\n\t\t\t\t\t\t<span class=\"elementor-button-content-wrapper\">\n\t\t\t\t\t\t<span class=\"elementor-button-text\">Reservar<\/span>\n\t\t<\/span>\n\t\t\t\t\t<\/a>\n\t\t<\/div>\n\t\t\t\t<\/div>\n\t\t\t\t<\/div>\n\t\t\t\t\t\t<\/div>\n\t\t\t\t\t<\/div>\n\t\t<\/div>\n\t\t\t\t\t\t\t\t<\/div>\n\t\t\t\t\t<\/div>\n\t\t<\/section>\n\t\t\t\t\t\t\t\t\t<\/div>\n\t\t\t<\/div>\n\t\t\t\t\t<\/div>","protected":false},"excerpt":{"rendered":"<p>Pots consultar la versi\u00f3 complerta de l&#8217;autocertificat clicant al seg\u00fcent enlla\u00e7 Tens algun dubte? Reserva una reuni\u00f3 virtual amb un dels nostres assessors, et resoldrem tots els dubtes! Reservar<\/p>","protected":false},"author":4,"featured_media":0,"parent":0,"menu_order":0,"comment_status":"closed","ping_status":"closed","template":"elementor_header_footer","meta":{"footnotes":""},"yoast_head":"<!-- This site is optimized with the Yoast SEO plugin v21.8 - https:\/\/yoast.com\/wordpress\/plugins\/seo\/ -->\n<title>Busquem 5 clubs per ajudar a digitalitzar-se - Tankuam<\/title>\n<meta name=\"description\" content=\"Busquem 5 clubs per ajudar a digitalitzar-se en la seva gesti\u00f3 esportiva. Neix Tankuam Club, una eina adaptada a les necessitats dels clubs.\" \/>\n<meta name=\"robots\" content=\"index, follow, max-snippet:-1, max-image-preview:large, max-video-preview:-1\" \/>\n<link rel=\"canonical\" href=\"https:\/\/tankuam.com\/es\/cert_verifactu\/\" \/>\n<meta property=\"og:locale\" content=\"es_ES\" \/>\n<meta property=\"og:type\" content=\"article\" \/>\n<meta property=\"og:title\" content=\"Busquem 5 clubs per ajudar a digitalitzar-se - Tankuam\" \/>\n<meta property=\"og:description\" content=\"Busquem 5 clubs per ajudar a digitalitzar-se en la seva gesti\u00f3 esportiva. Neix Tankuam Club, una eina adaptada a les necessitats dels clubs.\" \/>\n<meta property=\"og:url\" content=\"https:\/\/tankuam.com\/es\/cert_verifactu\/\" \/>\n<meta property=\"og:site_name\" content=\"Tankuam\" \/>\n<meta property=\"article:modified_time\" content=\"2025-09-15T14:13:24+00:00\" \/>\n<meta property=\"og:image\" content=\"https:\/\/tankuam.com\/wp-content\/uploads\/elementor\/thumbs\/Declaracion-Responsable-Kompini-scaled-rbsocjbmesp86xqpsyfiqqt00n6lrqcqdm8pvkxv38.jpg\" \/>\n<meta name=\"twitter:card\" content=\"summary_large_image\" \/>\n<script type=\"application\/ld+json\" class=\"yoast-schema-graph\">{\"@context\":\"https:\/\/schema.org\",\"@graph\":[{\"@type\":\"WebPage\",\"@id\":\"https:\/\/tankuam.com\/cert_verifactu\/\",\"url\":\"https:\/\/tankuam.com\/cert_verifactu\/\",\"name\":\"Busquem 5 clubs per ajudar a digitalitzar-se - Tankuam\",\"isPartOf\":{\"@id\":\"https:\/\/tankuam.com\/#website\"},\"datePublished\":\"2025-09-15T14:06:14+00:00\",\"dateModified\":\"2025-09-15T14:13:24+00:00\",\"description\":\"Busquem 5 clubs per ajudar a digitalitzar-se en la seva gesti\u00f3 esportiva. Neix Tankuam Club, una eina adaptada a les necessitats dels clubs.\",\"breadcrumb\":{\"@id\":\"https:\/\/tankuam.com\/cert_verifactu\/#breadcrumb\"},\"inLanguage\":\"es\",\"potentialAction\":[{\"@type\":\"ReadAction\",\"target\":[\"https:\/\/tankuam.com\/cert_verifactu\/\"]}]},{\"@type\":\"BreadcrumbList\",\"@id\":\"https:\/\/tankuam.com\/cert_verifactu\/#breadcrumb\",\"itemListElement\":[{\"@type\":\"ListItem\",\"position\":1,\"name\":\"Inici\",\"item\":\"https:\/\/tankuam.com\/\"},{\"@type\":\"ListItem\",\"position\":2,\"name\":\"Certificat Verifactu\"}]},{\"@type\":\"WebSite\",\"@id\":\"https:\/\/tankuam.com\/#website\",\"url\":\"https:\/\/tankuam.com\/\",\"name\":\"Tankuam\",\"description\":\"Tota la gesti\u00f3 i el control en un \u00fanic espai\",\"publisher\":{\"@id\":\"https:\/\/tankuam.com\/#organization\"},\"potentialAction\":[{\"@type\":\"SearchAction\",\"target\":{\"@type\":\"EntryPoint\",\"urlTemplate\":\"https:\/\/tankuam.com\/?s={search_term_string}\"},\"query-input\":\"required name=search_term_string\"}],\"inLanguage\":\"es\"},{\"@type\":\"Organization\",\"@id\":\"https:\/\/tankuam.com\/#organization\",\"name\":\"Tankuam\",\"url\":\"https:\/\/tankuam.com\/\",\"logo\":{\"@type\":\"ImageObject\",\"inLanguage\":\"es\",\"@id\":\"https:\/\/tankuam.com\/#\/schema\/logo\/image\/\",\"url\":\"https:\/\/tankuam.com\/wp-content\/uploads\/2020\/07\/tankuamambmida.png\",\"contentUrl\":\"https:\/\/tankuam.com\/wp-content\/uploads\/2020\/07\/tankuamambmida.png\",\"width\":940,\"height\":200,\"caption\":\"Tankuam\"},\"image\":{\"@id\":\"https:\/\/tankuam.com\/#\/schema\/logo\/image\/\"}}]}<\/script>\n<!-- \/ Yoast SEO plugin. -->","yoast_head_json":{"title":"Busquem 5 clubs per ajudar a digitalitzar-se - Tankuam","description":"Busquem 5 clubs per ajudar a digitalitzar-se en la seva gesti\u00f3 esportiva. Neix Tankuam Club, una eina adaptada a les necessitats dels clubs.","robots":{"index":"index","follow":"follow","max-snippet":"max-snippet:-1","max-image-preview":"max-image-preview:large","max-video-preview":"max-video-preview:-1"},"canonical":"https:\/\/tankuam.com\/es\/cert_verifactu\/","og_locale":"es_ES","og_type":"article","og_title":"Busquem 5 clubs per ajudar a digitalitzar-se - Tankuam","og_description":"Busquem 5 clubs per ajudar a digitalitzar-se en la seva gesti\u00f3 esportiva. Neix Tankuam Club, una eina adaptada a les necessitats dels clubs.","og_url":"https:\/\/tankuam.com\/es\/cert_verifactu\/","og_site_name":"Tankuam","article_modified_time":"2025-09-15T14:13:24+00:00","og_image":[{"url":"https:\/\/tankuam.com\/wp-content\/uploads\/elementor\/thumbs\/Declaracion-Responsable-Kompini-scaled-rbsocjbmesp86xqpsyfiqqt00n6lrqcqdm8pvkxv38.jpg"}],"twitter_card":"summary_large_image","schema":{"@context":"https:\/\/schema.org","@graph":[{"@type":"WebPage","@id":"https:\/\/tankuam.com\/cert_verifactu\/","url":"https:\/\/tankuam.com\/cert_verifactu\/","name":"Busquem 5 clubs per ajudar a digitalitzar-se - Tankuam","isPartOf":{"@id":"https:\/\/tankuam.com\/#website"},"datePublished":"2025-09-15T14:06:14+00:00","dateModified":"2025-09-15T14:13:24+00:00","description":"Busquem 5 clubs per ajudar a digitalitzar-se en la seva gesti\u00f3 esportiva. Neix Tankuam Club, una eina adaptada a les necessitats dels clubs.","breadcrumb":{"@id":"https:\/\/tankuam.com\/cert_verifactu\/#breadcrumb"},"inLanguage":"es","potentialAction":[{"@type":"ReadAction","target":["https:\/\/tankuam.com\/cert_verifactu\/"]}]},{"@type":"BreadcrumbList","@id":"https:\/\/tankuam.com\/cert_verifactu\/#breadcrumb","itemListElement":[{"@type":"ListItem","position":1,"name":"Inici","item":"https:\/\/tankuam.com\/"},{"@type":"ListItem","position":2,"name":"Certificat Verifactu"}]},{"@type":"WebSite","@id":"https:\/\/tankuam.com\/#website","url":"https:\/\/tankuam.com\/","name":"Tankuam","description":"Toda la gesti\u00f3n y el control en un \u00fanico espacio","publisher":{"@id":"https:\/\/tankuam.com\/#organization"},"potentialAction":[{"@type":"SearchAction","target":{"@type":"EntryPoint","urlTemplate":"https:\/\/tankuam.com\/?s={search_term_string}"},"query-input":"required name=search_term_string"}],"inLanguage":"es"},{"@type":"Organization","@id":"https:\/\/tankuam.com\/#organization","name":"Tankuam","url":"https:\/\/tankuam.com\/","logo":{"@type":"ImageObject","inLanguage":"es","@id":"https:\/\/tankuam.com\/#\/schema\/logo\/image\/","url":"https:\/\/tankuam.com\/wp-content\/uploads\/2020\/07\/tankuamambmida.png","contentUrl":"https:\/\/tankuam.com\/wp-content\/uploads\/2020\/07\/tankuamambmida.png","width":940,"height":200,"caption":"Tankuam"},"image":{"@id":"https:\/\/tankuam.com\/#\/schema\/logo\/image\/"}}]}},"_links":{"self":[{"href":"https:\/\/tankuam.com\/es\/wp-json\/wp\/v2\/pages\/23650"}],"collection":[{"href":"https:\/\/tankuam.com\/es\/wp-json\/wp\/v2\/pages"}],"about":[{"href":"https:\/\/tankuam.com\/es\/wp-json\/wp\/v2\/types\/page"}],"author":[{"embeddable":true,"href":"https:\/\/tankuam.com\/es\/wp-json\/wp\/v2\/users\/4"}],"replies":[{"embeddable":true,"href":"https:\/\/tankuam.com\/es\/wp-json\/wp\/v2\/comments?post=23650"}],"version-history":[{"count":10,"href":"https:\/\/tankuam.com\/es\/wp-json\/wp\/v2\/pages\/23650\/revisions"}],"predecessor-version":[{"id":23667,"href":"https:\/\/tankuam.com\/es\/wp-json\/wp\/v2\/pages\/23650\/revisions\/23667"}],"wp:attachment":[{"href":"https:\/\/tankuam.com\/es\/wp-json\/wp\/v2\/media?parent=23650"}],"curies":[{"name":"wp","href":"https:\/\/api.w.org\/{rel}","templated":true}]}}