{"id":21136,"date":"2024-02-27T12:39:53","date_gmt":"2024-02-27T10:39:53","guid":{"rendered":"https:\/\/tankuam.com\/?page_id=21136"},"modified":"2024-02-28T09:07:54","modified_gmt":"2024-02-28T07:07:54","slug":"politicaprivacidad","status":"publish","type":"page","link":"https:\/\/tankuam.com\/es\/politicaprivacidad\/","title":{"rendered":"Pol\u00edtica de privacidad"},"content":{"rendered":"<div data-elementor-type=\"wp-page\" data-elementor-id=\"21136\" class=\"elementor elementor-21136\" data-elementor-post-type=\"page\">\n\t\t\t\t\t\t<div class=\"elementor-inner\">\n\t\t\t\t<div class=\"elementor-section-wrap\">\n\t\t\t\t\t\t\t\t\t<section class=\"elementor-section elementor-top-section elementor-element elementor-element-d292462 elementor-section-boxed elementor-section-height-default elementor-section-height-default\" data-id=\"d292462\" data-element_type=\"section\" data-settings=\"{&quot;jet_parallax_layout_list&quot;:[]}\">\n\t\t\t\t\t\t<div class=\"elementor-container elementor-column-gap-default\">\n\t\t\t\t\t\t\t<div class=\"elementor-row\">\n\t\t\t\t\t<div class=\"elementor-column elementor-col-100 elementor-top-column elementor-element elementor-element-b741284\" data-id=\"b741284\" data-element_type=\"column\">\n\t\t\t<div class=\"elementor-column-wrap\">\n\t\t\t\t\t\t\t<div class=\"elementor-widget-wrap\">\n\t\t\t\t\t\t\t\t<\/div>\n\t\t\t\t\t<\/div>\n\t\t<\/div>\n\t\t\t\t\t\t\t\t<\/div>\n\t\t\t\t\t<\/div>\n\t\t<\/section>\n\t\t\t\t<section class=\"elementor-section elementor-top-section elementor-element elementor-element-2c3ed670 elementor-section-boxed elementor-section-height-default elementor-section-height-default\" data-id=\"2c3ed670\" data-element_type=\"section\" data-settings=\"{&quot;jet_parallax_layout_list&quot;:[]}\">\n\t\t\t\t\t\t<div class=\"elementor-container elementor-column-gap-default\">\n\t\t\t\t\t\t\t<div class=\"elementor-row\">\n\t\t\t\t\t<div class=\"elementor-column elementor-col-100 elementor-top-column elementor-element elementor-element-390a6678\" data-id=\"390a6678\" data-element_type=\"column\">\n\t\t\t<div class=\"elementor-column-wrap elementor-element-populated\">\n\t\t\t\t\t\t\t<div class=\"elementor-widget-wrap\">\n\t\t\t\t\t\t<div class=\"elementor-element elementor-element-3683a7b9 elementor-widget elementor-widget-heading\" data-id=\"3683a7b9\" data-element_type=\"widget\" data-widget_type=\"heading.default\">\n\t\t\t\t<div class=\"elementor-widget-container\">\n\t\t\t<h2 class=\"elementor-heading-title elementor-size-default\">1. INFORMACI\u00d3N AL USUARIO<\/h2>\t\t<\/div>\n\t\t\t\t<\/div>\n\t\t\t\t<div class=\"elementor-element elementor-element-39890c61 elementor-widget elementor-widget-heading\" data-id=\"39890c61\" data-element_type=\"widget\" data-widget_type=\"heading.default\">\n\t\t\t\t<div class=\"elementor-widget-container\">\n\t\t\t<h3 class=\"elementor-heading-title elementor-size-default\">\u00bfQui\u00e9n es el responsable del tratamiento de tus datos personales?<\/h3>\t\t<\/div>\n\t\t\t\t<\/div>\n\t\t\t\t<div class=\"elementor-element elementor-element-641449e7 elementor-widget elementor-widget-text-editor\" data-id=\"641449e7\" data-element_type=\"widget\" data-widget_type=\"text-editor.default\">\n\t\t\t\t<div class=\"elementor-widget-container\">\n\t\t\t\t\t\t\t\t<div class=\"elementor-text-editor elementor-clearfix\">\n\t\t\t\t<p>KOMPINI TECHNOLOGIES SL es el RESPONSABLE del tratamiento de los datos personales del USUARIO y le informa de que estos datos ser\u00e1n tratados de conformidad con lo dispuesto en el Reglamento (UE) 2016\/679, de 27 de abril (GDPR), y la Ley Org\u00e1nica 3\/2018, de 5 de diciembre (LOPDGDD).<\/p>\t\t\t\t\t<\/div>\n\t\t\t\t\t\t<\/div>\n\t\t\t\t<\/div>\n\t\t\t\t<div class=\"elementor-element elementor-element-6382362d elementor-widget elementor-widget-heading\" data-id=\"6382362d\" data-element_type=\"widget\" data-widget_type=\"heading.default\">\n\t\t\t\t<div class=\"elementor-widget-container\">\n\t\t\t<h3 class=\"elementor-heading-title elementor-size-default\">\u00bfPara qu\u00e9 tratamos tus datos personales?<\/h3>\t\t<\/div>\n\t\t\t\t<\/div>\n\t\t\t\t<div class=\"elementor-element elementor-element-5ca310ad elementor-widget elementor-widget-text-editor\" data-id=\"5ca310ad\" data-element_type=\"widget\" data-widget_type=\"text-editor.default\">\n\t\t\t\t<div class=\"elementor-widget-container\">\n\t\t\t\t\t\t\t\t<div class=\"elementor-text-editor elementor-clearfix\">\n\t\t\t\t<p><span style=\"font-weight: 400;\">Para mantener una relaci\u00f3n comercial con el usuario. Las operaciones previstas para realizar el tratamiento son:<\/span><\/p><ul><li>Remisi\u00f3n de comunicaciones comerciales publicitarias por e-mail, fax, SMS, MMS, redes sociales o cualquier otro medio electr\u00f3nico o f\u00edsico, presente o futuro, que posibilite realizar comunicaciones comerciales. Estas comunicaciones ser\u00e1n realizadas por el RESPONSABLE y estar\u00e1n relacionadas con sus productos y servicios, o de sus colaboradores o proveedores, con los que este haya alcanzado alg\u00fan acuerdo de promoci\u00f3n. En este caso, los terceros nunca tendr\u00e1n acceso a los datos personales.<\/li><li><span style=\"font-weight: 400;\">Realizar estudios de mercado y an\u00e1lisis estad\u00edsticos.<\/span><\/li><li>Tramitar encargos, solicitudes, dar respuesta a las consultas o cualquier tipo de petici\u00f3n que sea realizada por el USUARIO a trav\u00e9s de cualquiera de las formas de contacto que se ponen a su disposici\u00f3n en la p\u00e1gina web del RESPONSABLE.<\/li><li>Remitir el bolet\u00edn informativo online, sobre novedades, ofertas y promociones en nuestra actividad.<\/li><\/ul>\t\t\t\t\t<\/div>\n\t\t\t\t\t\t<\/div>\n\t\t\t\t<\/div>\n\t\t\t\t<div class=\"elementor-element elementor-element-5806d96f elementor-widget elementor-widget-heading\" data-id=\"5806d96f\" data-element_type=\"widget\" data-widget_type=\"heading.default\">\n\t\t\t\t<div class=\"elementor-widget-container\">\n\t\t\t<h3 class=\"elementor-heading-title elementor-size-default\">\u00bfPor qu\u00e9 motivo podemos tratar tus datos personales?<\/h3>\t\t<\/div>\n\t\t\t\t<\/div>\n\t\t\t\t<div class=\"elementor-element elementor-element-4be161ca elementor-widget elementor-widget-text-editor\" data-id=\"4be161ca\" data-element_type=\"widget\" data-widget_type=\"text-editor.default\">\n\t\t\t\t<div class=\"elementor-widget-container\">\n\t\t\t\t\t\t\t\t<div class=\"elementor-text-editor elementor-clearfix\">\n\t\t\t\t<p>Porque el tratamiento est\u00e1 legitimado por el art\u00edculo 6 del GDPR de la siguiente forma:<\/p><ul><li>Con el consentimiento del USUARIO: remisi\u00f3n de comunicaciones comerciales y del bolet\u00edn informativo.<\/li><li>Por inter\u00e9s leg\u00edtimo del RESPONSABLE: realizar estudios de mercado, an\u00e1lisis estad\u00edsticos, etc. y tramitar encargos, solicitudes, etc. a petici\u00f3n del USUARIO.<\/li><\/ul>\t\t\t\t\t<\/div>\n\t\t\t\t\t\t<\/div>\n\t\t\t\t<\/div>\n\t\t\t\t<div class=\"elementor-element elementor-element-637a453f elementor-widget elementor-widget-heading\" data-id=\"637a453f\" data-element_type=\"widget\" data-widget_type=\"heading.default\">\n\t\t\t\t<div class=\"elementor-widget-container\">\n\t\t\t<h3 class=\"elementor-heading-title elementor-size-default\">\u00bfDurante cu\u00e1nto tiempo guardaremos tus datos personales?<\/h3>\t\t<\/div>\n\t\t\t\t<\/div>\n\t\t\t\t<div class=\"elementor-element elementor-element-5a99a1c6 elementor-widget elementor-widget-text-editor\" data-id=\"5a99a1c6\" data-element_type=\"widget\" data-widget_type=\"text-editor.default\">\n\t\t\t\t<div class=\"elementor-widget-container\">\n\t\t\t\t\t\t\t\t<div class=\"elementor-text-editor elementor-clearfix\">\n\t\t\t\t<p>Se conservar\u00e1n durante no m\u00e1s tiempo del necesario para mantener el fin del tratamiento o existan prescripciones legales que dictaminen su custodia y cuando ya no sea necesario para ello, se suprimir\u00e1n con medidas de seguridad adecuadas para garantizar la anonimizaci\u00f3n de los datos o la destrucci\u00f3n total de los mismos.<\/p>\t\t\t\t\t<\/div>\n\t\t\t\t\t\t<\/div>\n\t\t\t\t<\/div>\n\t\t\t\t<div class=\"elementor-element elementor-element-5f237e2f elementor-widget elementor-widget-heading\" data-id=\"5f237e2f\" data-element_type=\"widget\" data-widget_type=\"heading.default\">\n\t\t\t\t<div class=\"elementor-widget-container\">\n\t\t\t<h3 class=\"elementor-heading-title elementor-size-default\">\u00bfA qui\u00e9n facilitamos tus datos personales?<\/h3>\t\t<\/div>\n\t\t\t\t<\/div>\n\t\t\t\t<div class=\"elementor-element elementor-element-4ba9e0f elementor-widget elementor-widget-text-editor\" data-id=\"4ba9e0f\" data-element_type=\"widget\" data-widget_type=\"text-editor.default\">\n\t\t\t\t<div class=\"elementor-widget-container\">\n\t\t\t\t\t\t\t\t<div class=\"elementor-text-editor elementor-clearfix\">\n\t\t\t\t<p>No est\u00e1 prevista ninguna comunicaci\u00f3n de datos personales a terceros salvo, si fuese necesario para el desarrollo y ejecuci\u00f3n de las finalidades del tratamiento, a nuestros proveedores de servicios relacionados con comunicaciones, con los cuales el RESPONSABLE tiene suscritos los contratos de confidencialidad y de encargado de tratamiento exigidos por la normativa vigente de privacidad.<\/p>\t\t\t\t\t<\/div>\n\t\t\t\t\t\t<\/div>\n\t\t\t\t<\/div>\n\t\t\t\t<div class=\"elementor-element elementor-element-749ae457 elementor-widget elementor-widget-heading\" data-id=\"749ae457\" data-element_type=\"widget\" data-widget_type=\"heading.default\">\n\t\t\t\t<div class=\"elementor-widget-container\">\n\t\t\t<h3 class=\"elementor-heading-title elementor-size-default\">\u00bfCu\u00e1les son tus derechos?<\/h3>\t\t<\/div>\n\t\t\t\t<\/div>\n\t\t\t\t<div class=\"elementor-element elementor-element-951bb25 elementor-widget elementor-widget-text-editor\" data-id=\"951bb25\" data-element_type=\"widget\" data-widget_type=\"text-editor.default\">\n\t\t\t\t<div class=\"elementor-widget-container\">\n\t\t\t\t\t\t\t\t<div class=\"elementor-text-editor elementor-clearfix\">\n\t\t\t\t<p>Los derechos que asisten al USUARIO son:<\/p><ul><li>Derecho a retirar el consentimiento en cualquier momento.<\/li><li>Derecho de acceso, rectificaci\u00f3n, portabilidad y supresi\u00f3n de sus datos, y de limitaci\u00f3n u oposici\u00f3n a su tratamiento.<\/li><li>Derecho a presentar una reclamaci\u00f3n ante la autoridad de control (www.aepd.es) si considera que el tratamiento no se ajusta a la normativa vigente.<\/li><\/ul><p>\u00a0<\/p><p><strong>Datos de contacto para ejercer sus derechos:<\/strong><\/p><p>KOMPINI TECHNOLOGIES SL. C\/ Bisbe At\u00f3, 4 \u2013 08500 VIC (Barcelona). E-mail: info@kompini.com<\/p>\t\t\t\t\t<\/div>\n\t\t\t\t\t\t<\/div>\n\t\t\t\t<\/div>\n\t\t\t\t<div class=\"elementor-element elementor-element-47cfb831 elementor-widget elementor-widget-heading\" data-id=\"47cfb831\" data-element_type=\"widget\" data-widget_type=\"heading.default\">\n\t\t\t\t<div class=\"elementor-widget-container\">\n\t\t\t<h2 class=\"elementor-heading-title elementor-size-default\">2. CAR\u00c1CTER OBLIGATORIO O FACULTATIVO DE LA INFORMACI\u00d3N FACILITADA POR EL USUARIO<\/h2>\t\t<\/div>\n\t\t\t\t<\/div>\n\t\t\t\t<div class=\"elementor-element elementor-element-3511f14e elementor-widget elementor-widget-text-editor\" data-id=\"3511f14e\" data-element_type=\"widget\" data-widget_type=\"text-editor.default\">\n\t\t\t\t<div class=\"elementor-widget-container\">\n\t\t\t\t\t\t\t\t<div class=\"elementor-text-editor elementor-clearfix\">\n\t\t\t\t<p>Los USUARIOS, mediante la marcaci\u00f3n de las casillas correspondientes y la entrada de datos en los campos, marcados con un asterisco (*) en el formulario de contacto o presentados en formularios de descarga, aceptan expresamente y de forma libre e inequ\u00edvoca, que sus datos son necesarios para atender su petici\u00f3n, por parte del prestador, siendo voluntaria la inclusi\u00f3n de datos en los campos restantes. El USUARIO garantiza que los datos personales facilitados al RESPONSABLE son veraces y se hace responsable de comunicar cualquier modificaci\u00f3n de los mismos. El RESPONSABLE informa de que todos los datos solicitados a trav\u00e9s del sitio web son obligatorios, ya que son necesarios para la prestaci\u00f3n de un servicio \u00f3ptimo al USUARIO. En caso de que no se faciliten todos los datos, no se garantiza que la informaci\u00f3n y servicios facilitados sean completamente ajustados a sus necesidades.<\/p>\t\t\t\t\t<\/div>\n\t\t\t\t\t\t<\/div>\n\t\t\t\t<\/div>\n\t\t\t\t<div class=\"elementor-element elementor-element-14118236 elementor-widget elementor-widget-heading\" data-id=\"14118236\" data-element_type=\"widget\" data-widget_type=\"heading.default\">\n\t\t\t\t<div class=\"elementor-widget-container\">\n\t\t\t<h2 class=\"elementor-heading-title elementor-size-default\">3. MEDIDAS DE SEGURIDAD<\/h2>\t\t<\/div>\n\t\t\t\t<\/div>\n\t\t\t\t<div class=\"elementor-element elementor-element-651117e1 elementor-widget elementor-widget-text-editor\" data-id=\"651117e1\" data-element_type=\"widget\" data-widget_type=\"text-editor.default\">\n\t\t\t\t<div class=\"elementor-widget-container\">\n\t\t\t\t\t\t\t\t<div class=\"elementor-text-editor elementor-clearfix\">\n\t\t\t\t<p>Que de conformidad con lo dispuesto en las normativas vigentes en protecci\u00f3n de datos personales, el RESPONSABLE est\u00e1 cumpliendo con todas las disposiciones de las normativas GDPR y LOPDGDD para el tratamiento de los datos personales de su responsabilidad, y manifiestamente con los principios descritos en el art\u00edculo 5 del GDPR, por los cuales son tratados de manera l\u00edcita, leal y transparente en relaci\u00f3n con el interesado y adecuados, pertinentes y limitados a lo necesario en relaci\u00f3n con los fines para los que son tratados. El RESPONSABLE garantiza que ha implementado pol\u00edticas t\u00e9cnicas y organizativas apropiadas para aplicar las medidas de seguridad que establecen el GDPR y la LOPDGDD con el fin de proteger los derechos y libertades de los USUARIOS y les ha comunicado la informaci\u00f3n adecuada para que puedan ejercerlos. Para m\u00e1s informaci\u00f3n sobre las garant\u00edas de privacidad, puedes dirigirte al RESPONSABLE a trav\u00e9s de KOMPINI TECHNOLOGIES SL. C\/ Bisbe At\u00f3, 4 \u2013 08500 VIC (Barcelona). E-mail: info@kompini.com<\/p>\t\t\t\t\t<\/div>\n\t\t\t\t\t\t<\/div>\n\t\t\t\t<\/div>\n\t\t\t\t\t\t<\/div>\n\t\t\t\t\t<\/div>\n\t\t<\/div>\n\t\t\t\t\t\t\t\t<\/div>\n\t\t\t\t\t<\/div>\n\t\t<\/section>\n\t\t\t\t\t\t\t\t\t<\/div>\n\t\t\t<\/div>\n\t\t\t\t\t<\/div>","protected":false},"excerpt":{"rendered":"<p>1. INFORMACI\u00d3 A L\u2019USUARI Qui \u00e9s el responsable del tractament de les teves dades? KOMPINI TECHNOLOGIES SL \u00e9s el RESPONSABLE del tractament de les dades personals de l\u2019USUARI i l\u2019informa que aquestes dades seran tractades de conformitat amb el que es disposa en el Reglament (UE) 2016\/679, del 27 d\u2019abril (GDPR), i la Llei Org\u00e0nica [&hellip;]<\/p>\n","protected":false},"author":5,"featured_media":0,"parent":0,"menu_order":0,"comment_status":"closed","ping_status":"closed","template":"","meta":{"footnotes":""},"yoast_head":"<!-- This site is optimized with the Yoast SEO plugin v21.8 - https:\/\/yoast.com\/wordpress\/plugins\/seo\/ -->\n<title>Pol\u00edtica de privacitat - Tankuam<\/title>\n<meta name=\"description\" content=\"1. INFORMACI\u00d3 A L\u2019USUARI Qui \u00e9s el responsable del tractament de les teves dades? KOMPINI TECHNOLOGIES SL \u00e9s el RESPONSABLE del tractament de les dades\" \/>\n<meta name=\"robots\" content=\"noindex, follow\" \/>\n<meta property=\"og:locale\" content=\"es_ES\" \/>\n<meta property=\"og:type\" content=\"article\" \/>\n<meta property=\"og:title\" content=\"Pol\u00edtica de privacitat - Tankuam\" \/>\n<meta property=\"og:description\" content=\"1. INFORMACI\u00d3 A L\u2019USUARI Qui \u00e9s el responsable del tractament de les teves dades? KOMPINI TECHNOLOGIES SL \u00e9s el RESPONSABLE del tractament de les dades\" \/>\n<meta property=\"og:url\" content=\"https:\/\/tankuam.com\/es\/politicaprivacidad\/\" \/>\n<meta property=\"og:site_name\" content=\"Tankuam\" \/>\n<meta property=\"article:modified_time\" content=\"2024-02-28T07:07:54+00:00\" \/>\n<meta name=\"twitter:card\" content=\"summary_large_image\" \/>\n<meta name=\"twitter:label1\" content=\"Tiempo de lectura\" \/>\n\t<meta name=\"twitter:data1\" content=\"4 minutos\" \/>\n<script type=\"application\/ld+json\" class=\"yoast-schema-graph\">{\"@context\":\"https:\/\/schema.org\",\"@graph\":[{\"@type\":\"WebPage\",\"@id\":\"https:\/\/tankuam.com\/politicaprivacidad\/\",\"url\":\"https:\/\/tankuam.com\/politicaprivacidad\/\",\"name\":\"Pol\u00edtica de privacitat - Tankuam\",\"isPartOf\":{\"@id\":\"https:\/\/tankuam.com\/#website\"},\"datePublished\":\"2024-02-27T10:39:53+00:00\",\"dateModified\":\"2024-02-28T07:07:54+00:00\",\"description\":\"1. INFORMACI\u00d3 A L\u2019USUARI Qui \u00e9s el responsable del tractament de les teves dades? KOMPINI TECHNOLOGIES SL \u00e9s el RESPONSABLE del tractament de les dades\",\"breadcrumb\":{\"@id\":\"https:\/\/tankuam.com\/politicaprivacidad\/#breadcrumb\"},\"inLanguage\":\"es\",\"potentialAction\":[{\"@type\":\"ReadAction\",\"target\":[\"https:\/\/tankuam.com\/politicaprivacidad\/\"]}]},{\"@type\":\"BreadcrumbList\",\"@id\":\"https:\/\/tankuam.com\/politicaprivacidad\/#breadcrumb\",\"itemListElement\":[{\"@type\":\"ListItem\",\"position\":1,\"name\":\"Inici\",\"item\":\"https:\/\/tankuam.com\/\"},{\"@type\":\"ListItem\",\"position\":2,\"name\":\"Pol\u00edtica de privacitat\"}]},{\"@type\":\"WebSite\",\"@id\":\"https:\/\/tankuam.com\/#website\",\"url\":\"https:\/\/tankuam.com\/\",\"name\":\"Tankuam\",\"description\":\"Tota la gesti\u00f3 i el control en un \u00fanic espai\",\"publisher\":{\"@id\":\"https:\/\/tankuam.com\/#organization\"},\"potentialAction\":[{\"@type\":\"SearchAction\",\"target\":{\"@type\":\"EntryPoint\",\"urlTemplate\":\"https:\/\/tankuam.com\/?s={search_term_string}\"},\"query-input\":\"required name=search_term_string\"}],\"inLanguage\":\"es\"},{\"@type\":\"Organization\",\"@id\":\"https:\/\/tankuam.com\/#organization\",\"name\":\"Tankuam\",\"url\":\"https:\/\/tankuam.com\/\",\"logo\":{\"@type\":\"ImageObject\",\"inLanguage\":\"es\",\"@id\":\"https:\/\/tankuam.com\/#\/schema\/logo\/image\/\",\"url\":\"https:\/\/tankuam.com\/wp-content\/uploads\/2020\/07\/tankuamambmida.png\",\"contentUrl\":\"https:\/\/tankuam.com\/wp-content\/uploads\/2020\/07\/tankuamambmida.png\",\"width\":940,\"height\":200,\"caption\":\"Tankuam\"},\"image\":{\"@id\":\"https:\/\/tankuam.com\/#\/schema\/logo\/image\/\"}}]}<\/script>\n<!-- \/ Yoast SEO plugin. -->","yoast_head_json":{"title":"Pol\u00edtica de privacidad - Tankuam","description":"1. INFORMACI\u00d3N AL USUARIO \u00bfQui\u00e9n es el responsable del tratamiento de tus datos personales? KOMPINI TECHNOLOGIES SL es el RESPONSABLE del tratamiento de los datos","robots":{"index":"noindex","follow":"follow"},"og_locale":"es_ES","og_type":"article","og_title":"Pol\u00edtica de privacitat - Tankuam","og_description":"1. INFORMACI\u00d3 A L\u2019USUARI Qui \u00e9s el responsable del tractament de les teves dades? KOMPINI TECHNOLOGIES SL \u00e9s el RESPONSABLE del tractament de les dades","og_url":"https:\/\/tankuam.com\/es\/politicaprivacidad\/","og_site_name":"Tankuam","article_modified_time":"2024-02-28T07:07:54+00:00","twitter_card":"summary_large_image","twitter_misc":{"Tiempo de lectura":"4 minutos"},"schema":{"@context":"https:\/\/schema.org","@graph":[{"@type":"WebPage","@id":"https:\/\/tankuam.com\/politicaprivacidad\/","url":"https:\/\/tankuam.com\/politicaprivacidad\/","name":"Pol\u00edtica de privacidad - Tankuam","isPartOf":{"@id":"https:\/\/tankuam.com\/#website"},"datePublished":"2024-02-27T10:39:53+00:00","dateModified":"2024-02-28T07:07:54+00:00","description":"1. INFORMACI\u00d3N AL USUARIO \u00bfQui\u00e9n es el responsable del tratamiento de tus datos personales? KOMPINI TECHNOLOGIES SL es el RESPONSABLE del tratamiento de los datos","breadcrumb":{"@id":"https:\/\/tankuam.com\/politicaprivacidad\/#breadcrumb"},"inLanguage":"es","potentialAction":[{"@type":"ReadAction","target":["https:\/\/tankuam.com\/politicaprivacidad\/"]}]},{"@type":"BreadcrumbList","@id":"https:\/\/tankuam.com\/politicaprivacidad\/#breadcrumb","itemListElement":[{"@type":"ListItem","position":1,"name":"Inici","item":"https:\/\/tankuam.com\/"},{"@type":"ListItem","position":2,"name":"Pol\u00edtica de privacitat"}]},{"@type":"WebSite","@id":"https:\/\/tankuam.com\/#website","url":"https:\/\/tankuam.com\/","name":"Tankuam","description":"Toda la gesti\u00f3n y el control en un \u00fanico espacio","publisher":{"@id":"https:\/\/tankuam.com\/#organization"},"potentialAction":[{"@type":"SearchAction","target":{"@type":"EntryPoint","urlTemplate":"https:\/\/tankuam.com\/?s={search_term_string}"},"query-input":"required name=search_term_string"}],"inLanguage":"es"},{"@type":"Organization","@id":"https:\/\/tankuam.com\/#organization","name":"Tankuam","url":"https:\/\/tankuam.com\/","logo":{"@type":"ImageObject","inLanguage":"es","@id":"https:\/\/tankuam.com\/#\/schema\/logo\/image\/","url":"https:\/\/tankuam.com\/wp-content\/uploads\/2020\/07\/tankuamambmida.png","contentUrl":"https:\/\/tankuam.com\/wp-content\/uploads\/2020\/07\/tankuamambmida.png","width":940,"height":200,"caption":"Tankuam"},"image":{"@id":"https:\/\/tankuam.com\/#\/schema\/logo\/image\/"}}]}},"_links":{"self":[{"href":"https:\/\/tankuam.com\/es\/wp-json\/wp\/v2\/pages\/21136"}],"collection":[{"href":"https:\/\/tankuam.com\/es\/wp-json\/wp\/v2\/pages"}],"about":[{"href":"https:\/\/tankuam.com\/es\/wp-json\/wp\/v2\/types\/page"}],"author":[{"embeddable":true,"href":"https:\/\/tankuam.com\/es\/wp-json\/wp\/v2\/users\/5"}],"replies":[{"embeddable":true,"href":"https:\/\/tankuam.com\/es\/wp-json\/wp\/v2\/comments?post=21136"}],"version-history":[{"count":8,"href":"https:\/\/tankuam.com\/es\/wp-json\/wp\/v2\/pages\/21136\/revisions"}],"predecessor-version":[{"id":21146,"href":"https:\/\/tankuam.com\/es\/wp-json\/wp\/v2\/pages\/21136\/revisions\/21146"}],"wp:attachment":[{"href":"https:\/\/tankuam.com\/es\/wp-json\/wp\/v2\/media?parent=21136"}],"curies":[{"name":"wp","href":"https:\/\/api.w.org\/{rel}","templated":true}]}}