{"id":19929,"date":"2022-05-11T11:43:25","date_gmt":"2022-05-11T09:43:25","guid":{"rendered":"https:\/\/tankuam.com\/?page_id=19929"},"modified":"2024-05-07T11:42:51","modified_gmt":"2024-05-07T09:42:51","slug":"mes-informacio-app-sport","status":"publish","type":"page","link":"https:\/\/tankuam.com\/es\/tkmsports\/app-tankuam-sports\/mes-informacio-app-sport\/","title":{"rendered":"M\u00e1s informaci\u00f3 app Sport"},"content":{"rendered":"\t\t<div data-elementor-type=\"wp-page\" data-elementor-id=\"19929\" class=\"elementor elementor-19929\" data-elementor-post-type=\"page\">\n\t\t\t\t\t\t<div class=\"elementor-inner\">\n\t\t\t\t<div class=\"elementor-section-wrap\">\n\t\t\t\t\t\t\t\t\t<section class=\"elementor-section elementor-top-section elementor-element elementor-element-b19d0cb elementor-section-full_width elementor-section-height-min-height elementor-section-height-default elementor-section-items-middle\" data-id=\"b19d0cb\" data-element_type=\"section\" data-settings=\"{&quot;background_background&quot;:&quot;classic&quot;,&quot;jet_parallax_layout_list&quot;:[]}\">\n\t\t\t\t\t\t<div class=\"elementor-container elementor-column-gap-default\">\n\t\t\t\t\t\t\t<div class=\"elementor-row\">\n\t\t\t\t\t<div class=\"elementor-column elementor-col-50 elementor-top-column elementor-element elementor-element-da20340 elementor-invisible\" data-id=\"da20340\" data-element_type=\"column\" data-settings=\"{&quot;background_background&quot;:&quot;classic&quot;,&quot;animation&quot;:&quot;fadeIn&quot;}\">\n\t\t\t<div class=\"elementor-column-wrap elementor-element-populated\">\n\t\t\t\t\t\t\t<div class=\"elementor-widget-wrap\">\n\t\t\t\t\t\t<div class=\"elementor-element elementor-element-ba9e3e1 elementor-widget elementor-widget-heading\" data-id=\"ba9e3e1\" data-element_type=\"widget\" data-widget_type=\"heading.default\">\n\t\t\t\t<div class=\"elementor-widget-container\">\n\t\t\t<h3 class=\"elementor-heading-title elementor-size-default\">Descobreix l'app que revolucionar\u00e0 el teu centre<\/h3>\t\t<\/div>\n\t\t\t\t<\/div>\n\t\t\t\t<div class=\"elementor-element elementor-element-2685379 elementor-widget elementor-widget-heading\" data-id=\"2685379\" data-element_type=\"widget\" data-widget_type=\"heading.default\">\n\t\t\t\t<div class=\"elementor-widget-container\">\n\t\t\t<p class=\"elementor-heading-title elementor-size-default\">Volem ajudar-te a comunicar i a millorar la gesti\u00f3 i el control del teu centre. Per aix\u00f2 ens encantar\u00e0 explicar-te com funciona la nova app de Tankuam 100% personalitzada.<\/p>\t\t<\/div>\n\t\t\t\t<\/div>\n\t\t\t\t<section class=\"elementor-section elementor-inner-section elementor-element elementor-element-11b1e74 elementor-section-boxed elementor-section-height-default elementor-section-height-default\" data-id=\"11b1e74\" data-element_type=\"section\" data-settings=\"{&quot;background_background&quot;:&quot;classic&quot;,&quot;jet_parallax_layout_list&quot;:[]}\">\n\t\t\t\t\t\t<div class=\"elementor-container elementor-column-gap-default\">\n\t\t\t\t\t\t\t<div class=\"elementor-row\">\n\t\t\t\t\t<div class=\"elementor-column elementor-col-100 elementor-inner-column elementor-element elementor-element-85715c4\" data-id=\"85715c4\" data-element_type=\"column\" data-settings=\"{&quot;background_background&quot;:&quot;classic&quot;}\">\n\t\t\t<div class=\"elementor-column-wrap elementor-element-populated\">\n\t\t\t\t\t\t\t<div class=\"elementor-widget-wrap\">\n\t\t\t\t\t\t<div class=\"elementor-element elementor-element-265ef02 elementor-widget elementor-widget-html\" data-id=\"265ef02\" data-element_type=\"widget\" data-widget_type=\"html.default\">\n\t\t\t\t<div class=\"elementor-widget-container\">\n\t\t\t<div class=\"pipedriveWebForms\" data-pd-webforms=\"https:\/\/webforms.pipedrive.com\/f\/2ZtljRQdSgvb2eFrOcccpURi24Zfko2WvXQSANumrtrA8iyiuiFVxfphECKpLFhxF\"><script src=\"https:\/\/webforms.pipedrive.com\/f\/loader\"><\/script><\/div>\t\t<\/div>\n\t\t\t\t<\/div>\n\t\t\t\t\t\t<\/div>\n\t\t\t\t\t<\/div>\n\t\t<\/div>\n\t\t\t\t\t\t\t\t<\/div>\n\t\t\t\t\t<\/div>\n\t\t<\/section>\n\t\t\t\t\t\t<\/div>\n\t\t\t\t\t<\/div>\n\t\t<\/div>\n\t\t\t\t<div class=\"elementor-column elementor-col-50 elementor-top-column elementor-element elementor-element-7c8735d elementor-invisible\" data-id=\"7c8735d\" data-element_type=\"column\" data-settings=\"{&quot;background_background&quot;:&quot;classic&quot;,&quot;animation&quot;:&quot;fadeIn&quot;}\">\n\t\t\t<div class=\"elementor-column-wrap elementor-element-populated\">\n\t\t\t\t\t\t\t<div class=\"elementor-widget-wrap\">\n\t\t\t\t\t\t<div class=\"elementor-element elementor-element-2c17fef elementor-widget elementor-widget-image\" data-id=\"2c17fef\" data-element_type=\"widget\" data-settings=\"{&quot;sticky&quot;:&quot;top&quot;,&quot;sticky_on&quot;:[&quot;desktop&quot;,&quot;tablet&quot;],&quot;sticky_parent&quot;:&quot;yes&quot;,&quot;sticky_offset&quot;:0,&quot;sticky_effects_offset&quot;:0}\" data-widget_type=\"image.default\">\n\t\t\t\t<div class=\"elementor-widget-container\">\n\t\t\t\t\t\t\t\t<div class=\"elementor-image\">\n\t\t\t\t\t\t\t\t\t\t\t\t<img fetchpriority=\"high\" decoding=\"async\" width=\"800\" height=\"812\" src=\"https:\/\/tankuam.com\/wp-content\/uploads\/2024\/05\/slide1-2.webp\" class=\"attachment-large size-large wp-image-22846\" alt=\"\" srcset=\"https:\/\/tankuam.com\/wp-content\/uploads\/2024\/05\/slide1-2.webp 864w, https:\/\/tankuam.com\/wp-content\/uploads\/2024\/05\/slide1-2-296x300.webp 296w, https:\/\/tankuam.com\/wp-content\/uploads\/2024\/05\/slide1-2-768x780.webp 768w, https:\/\/tankuam.com\/wp-content\/uploads\/2024\/05\/slide1-2-12x12.webp 12w\" sizes=\"(max-width: 800px) 100vw, 800px\" \/>\t\t\t\t\t\t\t\t\t\t\t\t\t\t<\/div>\n\t\t\t\t\t\t<\/div>\n\t\t\t\t<\/div>\n\t\t\t\t\t\t<\/div>\n\t\t\t\t\t<\/div>\n\t\t<\/div>\n\t\t\t\t\t\t\t\t<\/div>\n\t\t\t\t\t<\/div>\n\t\t<\/section>\n\t\t\t\t\t\t\t\t\t<\/div>\n\t\t\t<\/div>\n\t\t\t\t\t<\/div>\n\t\t","protected":false},"excerpt":{"rendered":"<p>Descobreix l&#8217;app que revolucionar\u00e0 el teu centre Volem ajudar-te a comunicar i a millorar la gesti\u00f3 i el control del teu centre. Per aix\u00f2 ens encantar\u00e0 explicar-te com funciona la nova app de Tankuam 100% personalitzada.<\/p>","protected":false},"author":2,"featured_media":0,"parent":19711,"menu_order":0,"comment_status":"closed","ping_status":"closed","template":"","meta":{"footnotes":""},"yoast_head":"<!-- This site is optimized with the Yoast SEO plugin v21.8 - https:\/\/yoast.com\/wordpress\/plugins\/seo\/ -->\n<title>M\u00e9s informaci\u00f3 app sport - Tankuam<\/title>\n<meta name=\"description\" content=\"Descobreix l&#039;app que revolucionar\u00e0 el teu centre Volem ajudar-te a comunicar i a millorar la gesti\u00f3 i el control del teu centre. Per aix\u00f2 ens encantar\u00e0\" \/>\n<meta name=\"robots\" content=\"index, follow, max-snippet:-1, max-image-preview:large, max-video-preview:-1\" \/>\n<link rel=\"canonical\" href=\"https:\/\/tankuam.com\/es\/tkmsports\/app-tankuam-sports\/mes-informacio-app-sport\/\" \/>\n<meta property=\"og:locale\" content=\"es_ES\" \/>\n<meta property=\"og:type\" content=\"article\" \/>\n<meta property=\"og:title\" content=\"M\u00e9s informaci\u00f3 app sport - Tankuam\" \/>\n<meta property=\"og:description\" content=\"Descobreix l&#039;app que revolucionar\u00e0 el teu centre Volem ajudar-te a comunicar i a millorar la gesti\u00f3 i el control del teu centre. Per aix\u00f2 ens encantar\u00e0\" \/>\n<meta property=\"og:url\" content=\"https:\/\/tankuam.com\/es\/tkmsports\/app-tankuam-sports\/mes-informacio-app-sport\/\" \/>\n<meta property=\"og:site_name\" content=\"Tankuam\" \/>\n<meta property=\"article:modified_time\" content=\"2024-05-07T09:42:51+00:00\" \/>\n<meta property=\"og:image\" content=\"https:\/\/tankuam.com\/wp-content\/uploads\/2024\/05\/slide1-2.webp\" \/>\n<meta name=\"twitter:card\" content=\"summary_large_image\" \/>\n<meta name=\"twitter:label1\" content=\"Tiempo de lectura\" \/>\n\t<meta name=\"twitter:data1\" content=\"1 minuto\" \/>\n<script type=\"application\/ld+json\" class=\"yoast-schema-graph\">{\"@context\":\"https:\/\/schema.org\",\"@graph\":[{\"@type\":\"WebPage\",\"@id\":\"https:\/\/tankuam.com\/tkmsports\/app-tankuam-sports\/mes-informacio-app-sport\/\",\"url\":\"https:\/\/tankuam.com\/tkmsports\/app-tankuam-sports\/mes-informacio-app-sport\/\",\"name\":\"M\u00e9s informaci\u00f3 app sport - Tankuam\",\"isPartOf\":{\"@id\":\"https:\/\/tankuam.com\/#website\"},\"datePublished\":\"2022-05-11T09:43:25+00:00\",\"dateModified\":\"2024-05-07T09:42:51+00:00\",\"description\":\"Descobreix l'app que revolucionar\u00e0 el teu centre Volem ajudar-te a comunicar i a millorar la gesti\u00f3 i el control del teu centre. Per aix\u00f2 ens encantar\u00e0\",\"breadcrumb\":{\"@id\":\"https:\/\/tankuam.com\/tkmsports\/app-tankuam-sports\/mes-informacio-app-sport\/#breadcrumb\"},\"inLanguage\":\"es\",\"potentialAction\":[{\"@type\":\"ReadAction\",\"target\":[\"https:\/\/tankuam.com\/tkmsports\/app-tankuam-sports\/mes-informacio-app-sport\/\"]}]},{\"@type\":\"BreadcrumbList\",\"@id\":\"https:\/\/tankuam.com\/tkmsports\/app-tankuam-sports\/mes-informacio-app-sport\/#breadcrumb\",\"itemListElement\":[{\"@type\":\"ListItem\",\"position\":1,\"name\":\"Inici\",\"item\":\"https:\/\/tankuam.com\/\"},{\"@type\":\"ListItem\",\"position\":2,\"name\":\"Sport\",\"item\":\"https:\/\/tankuam.com\/tkmsports\/\"},{\"@type\":\"ListItem\",\"position\":3,\"name\":\"APP Tankuam Sports\",\"item\":\"https:\/\/tankuam.com\/tkmsports\/app-tankuam-sports\/\"},{\"@type\":\"ListItem\",\"position\":4,\"name\":\"M\u00e9s informaci\u00f3 app sport\"}]},{\"@type\":\"WebSite\",\"@id\":\"https:\/\/tankuam.com\/#website\",\"url\":\"https:\/\/tankuam.com\/\",\"name\":\"Tankuam\",\"description\":\"Tota la gesti\u00f3 i el control en un \u00fanic espai\",\"publisher\":{\"@id\":\"https:\/\/tankuam.com\/#organization\"},\"potentialAction\":[{\"@type\":\"SearchAction\",\"target\":{\"@type\":\"EntryPoint\",\"urlTemplate\":\"https:\/\/tankuam.com\/?s={search_term_string}\"},\"query-input\":\"required name=search_term_string\"}],\"inLanguage\":\"es\"},{\"@type\":\"Organization\",\"@id\":\"https:\/\/tankuam.com\/#organization\",\"name\":\"Tankuam\",\"url\":\"https:\/\/tankuam.com\/\",\"logo\":{\"@type\":\"ImageObject\",\"inLanguage\":\"es\",\"@id\":\"https:\/\/tankuam.com\/#\/schema\/logo\/image\/\",\"url\":\"https:\/\/tankuam.com\/wp-content\/uploads\/2020\/07\/tankuamambmida.png\",\"contentUrl\":\"https:\/\/tankuam.com\/wp-content\/uploads\/2020\/07\/tankuamambmida.png\",\"width\":940,\"height\":200,\"caption\":\"Tankuam\"},\"image\":{\"@id\":\"https:\/\/tankuam.com\/#\/schema\/logo\/image\/\"}}]}<\/script>\n<!-- \/ Yoast SEO plugin. -->","yoast_head_json":{"title":"M\u00e1s informaci\u00f3 app Sport - Tankuam","description":"Descubre la app que revolucionar\u00e1 tu centro Queremos ayudarte a comunicar y mejorar la gesti\u00f3n y el control de tu centro. Por eso nos encantar\u00e1","robots":{"index":"index","follow":"follow","max-snippet":"max-snippet:-1","max-image-preview":"max-image-preview:large","max-video-preview":"max-video-preview:-1"},"canonical":"https:\/\/tankuam.com\/es\/tkmsports\/app-tankuam-sports\/mes-informacio-app-sport\/","og_locale":"es_ES","og_type":"article","og_title":"M\u00e9s informaci\u00f3 app sport - Tankuam","og_description":"Descobreix l'app que revolucionar\u00e0 el teu centre Volem ajudar-te a comunicar i a millorar la gesti\u00f3 i el control del teu centre. Per aix\u00f2 ens encantar\u00e0","og_url":"https:\/\/tankuam.com\/es\/tkmsports\/app-tankuam-sports\/mes-informacio-app-sport\/","og_site_name":"Tankuam","article_modified_time":"2024-05-07T09:42:51+00:00","og_image":[{"url":"https:\/\/tankuam.com\/wp-content\/uploads\/2024\/05\/slide1-2.webp"}],"twitter_card":"summary_large_image","twitter_misc":{"Tiempo de lectura":"1 minuto"},"schema":{"@context":"https:\/\/schema.org","@graph":[{"@type":"WebPage","@id":"https:\/\/tankuam.com\/tkmsports\/app-tankuam-sports\/mes-informacio-app-sport\/","url":"https:\/\/tankuam.com\/tkmsports\/app-tankuam-sports\/mes-informacio-app-sport\/","name":"M\u00e1s informaci\u00f3 app Sport - Tankuam","isPartOf":{"@id":"https:\/\/tankuam.com\/#website"},"datePublished":"2022-05-11T09:43:25+00:00","dateModified":"2024-05-07T09:42:51+00:00","description":"Descubre la app que revolucionar\u00e1 tu centro Queremos ayudarte a comunicar y mejorar la gesti\u00f3n y el control de tu centro. Por eso nos encantar\u00e1","breadcrumb":{"@id":"https:\/\/tankuam.com\/tkmsports\/app-tankuam-sports\/mes-informacio-app-sport\/#breadcrumb"},"inLanguage":"es","potentialAction":[{"@type":"ReadAction","target":["https:\/\/tankuam.com\/tkmsports\/app-tankuam-sports\/mes-informacio-app-sport\/"]}]},{"@type":"BreadcrumbList","@id":"https:\/\/tankuam.com\/tkmsports\/app-tankuam-sports\/mes-informacio-app-sport\/#breadcrumb","itemListElement":[{"@type":"ListItem","position":1,"name":"Inici","item":"https:\/\/tankuam.com\/"},{"@type":"ListItem","position":2,"name":"Sport","item":"https:\/\/tankuam.com\/tkmsports\/"},{"@type":"ListItem","position":3,"name":"APP Tankuam Sports","item":"https:\/\/tankuam.com\/tkmsports\/app-tankuam-sports\/"},{"@type":"ListItem","position":4,"name":"M\u00e9s informaci\u00f3 app sport"}]},{"@type":"WebSite","@id":"https:\/\/tankuam.com\/#website","url":"https:\/\/tankuam.com\/","name":"Tankuam","description":"Toda la gesti\u00f3n y el control en un \u00fanico espacio","publisher":{"@id":"https:\/\/tankuam.com\/#organization"},"potentialAction":[{"@type":"SearchAction","target":{"@type":"EntryPoint","urlTemplate":"https:\/\/tankuam.com\/?s={search_term_string}"},"query-input":"required name=search_term_string"}],"inLanguage":"es"},{"@type":"Organization","@id":"https:\/\/tankuam.com\/#organization","name":"Tankuam","url":"https:\/\/tankuam.com\/","logo":{"@type":"ImageObject","inLanguage":"es","@id":"https:\/\/tankuam.com\/#\/schema\/logo\/image\/","url":"https:\/\/tankuam.com\/wp-content\/uploads\/2020\/07\/tankuamambmida.png","contentUrl":"https:\/\/tankuam.com\/wp-content\/uploads\/2020\/07\/tankuamambmida.png","width":940,"height":200,"caption":"Tankuam"},"image":{"@id":"https:\/\/tankuam.com\/#\/schema\/logo\/image\/"}}]}},"_links":{"self":[{"href":"https:\/\/tankuam.com\/es\/wp-json\/wp\/v2\/pages\/19929"}],"collection":[{"href":"https:\/\/tankuam.com\/es\/wp-json\/wp\/v2\/pages"}],"about":[{"href":"https:\/\/tankuam.com\/es\/wp-json\/wp\/v2\/types\/page"}],"author":[{"embeddable":true,"href":"https:\/\/tankuam.com\/es\/wp-json\/wp\/v2\/users\/2"}],"replies":[{"embeddable":true,"href":"https:\/\/tankuam.com\/es\/wp-json\/wp\/v2\/comments?post=19929"}],"version-history":[{"count":16,"href":"https:\/\/tankuam.com\/es\/wp-json\/wp\/v2\/pages\/19929\/revisions"}],"predecessor-version":[{"id":22853,"href":"https:\/\/tankuam.com\/es\/wp-json\/wp\/v2\/pages\/19929\/revisions\/22853"}],"up":[{"embeddable":true,"href":"https:\/\/tankuam.com\/es\/wp-json\/wp\/v2\/pages\/19711"}],"wp:attachment":[{"href":"https:\/\/tankuam.com\/es\/wp-json\/wp\/v2\/media?parent=19929"}],"curies":[{"name":"wp","href":"https:\/\/api.w.org\/{rel}","templated":true}]}}