{"id":19533,"date":"2022-05-04T11:05:45","date_gmt":"2022-05-04T09:05:45","guid":{"rendered":"https:\/\/tankuam.com\/?page_id=19533"},"modified":"2024-05-07T11:20:54","modified_gmt":"2024-05-07T09:20:54","slug":"mes-informacio-control-dacces","status":"publish","type":"page","link":"https:\/\/tankuam.com\/es\/places\/control-dacces\/mes-informacio-control-dacces\/","title":{"rendered":"M\u00e1s informaci\u00f3n control de acceso"},"content":{"rendered":"<div data-elementor-type=\"wp-page\" data-elementor-id=\"19533\" class=\"elementor elementor-19533\" data-elementor-post-type=\"page\">\n\t\t\t\t\t\t<div class=\"elementor-inner\">\n\t\t\t\t<div class=\"elementor-section-wrap\">\n\t\t\t\t\t\t\t\t\t<section class=\"elementor-section elementor-top-section elementor-element elementor-element-bfa9860 elementor-section-height-min-height elementor-section-boxed elementor-section-height-default elementor-section-items-middle\" data-id=\"bfa9860\" data-element_type=\"section\" data-settings=\"{&quot;background_background&quot;:&quot;classic&quot;,&quot;jet_parallax_layout_list&quot;:[]}\">\n\t\t\t\t\t\t<div class=\"elementor-container elementor-column-gap-default\">\n\t\t\t\t\t\t\t<div class=\"elementor-row\">\n\t\t\t\t\t<div class=\"elementor-column elementor-col-100 elementor-top-column elementor-element elementor-element-9dde406\" data-id=\"9dde406\" data-element_type=\"column\">\n\t\t\t<div class=\"elementor-column-wrap elementor-element-populated\">\n\t\t\t\t\t\t\t<div class=\"elementor-widget-wrap\">\n\t\t\t\t\t\t<section class=\"elementor-section elementor-inner-section elementor-element elementor-element-e4e4f89 elementor-section-boxed elementor-section-height-default elementor-section-height-default\" data-id=\"e4e4f89\" data-element_type=\"section\" data-settings=\"{&quot;jet_parallax_layout_list&quot;:[]}\">\n\t\t\t\t\t\t<div class=\"elementor-container elementor-column-gap-default\">\n\t\t\t\t\t\t\t<div class=\"elementor-row\">\n\t\t\t\t\t<div class=\"elementor-column elementor-col-50 elementor-inner-column elementor-element elementor-element-578ae50\" data-id=\"578ae50\" data-element_type=\"column\">\n\t\t\t<div class=\"elementor-column-wrap elementor-element-populated\">\n\t\t\t\t\t\t\t<div class=\"elementor-widget-wrap\">\n\t\t\t\t\t\t<div class=\"elementor-element elementor-element-41ca84e elementor-widget elementor-widget-heading\" data-id=\"41ca84e\" data-element_type=\"widget\" data-widget_type=\"heading.default\">\n\t\t\t\t<div class=\"elementor-widget-container\">\n\t\t\t<h2 class=\"elementor-heading-title elementor-size-default\">Gestiona los espacios del municipio<\/h2>\t\t<\/div>\n\t\t\t\t<\/div>\n\t\t\t\t<div class=\"elementor-element elementor-element-43367d3 elementor-widget elementor-widget-heading\" data-id=\"43367d3\" data-element_type=\"widget\" data-widget_type=\"heading.default\">\n\t\t\t\t<div class=\"elementor-widget-container\">\n\t\t\t<h4 class=\"elementor-heading-title elementor-size-default\">Solicita una demo para descubrir como gestionar el control de accesos de tu municipio. Tankuam, m\u00e1s que un Software de gesti\u00f3n.<\/h4>\t\t<\/div>\n\t\t\t\t<\/div>\n\t\t\t\t<div class=\"elementor-element elementor-element-065920a elementor-widget elementor-widget-image\" data-id=\"065920a\" data-element_type=\"widget\" data-widget_type=\"image.default\">\n\t\t\t\t<div class=\"elementor-widget-container\">\n\t\t\t\t\t\t\t\t<div class=\"elementor-image\">\n\t\t\t\t\t\t\t\t\t\t\t\t<img fetchpriority=\"high\" decoding=\"async\" width=\"800\" height=\"424\" src=\"https:\/\/tankuam.com\/wp-content\/uploads\/2024\/05\/form2.webp\" class=\"attachment-large size-large wp-image-22806\" alt=\"\" srcset=\"https:\/\/tankuam.com\/wp-content\/uploads\/2024\/05\/form2.webp 1024w, https:\/\/tankuam.com\/wp-content\/uploads\/2024\/05\/form2-300x159.webp 300w, https:\/\/tankuam.com\/wp-content\/uploads\/2024\/05\/form2-768x407.webp 768w, https:\/\/tankuam.com\/wp-content\/uploads\/2024\/05\/form2-18x10.webp 18w\" sizes=\"(max-width: 800px) 100vw, 800px\" \/>\t\t\t\t\t\t\t\t\t\t\t\t\t\t<\/div>\n\t\t\t\t\t\t<\/div>\n\t\t\t\t<\/div>\n\t\t\t\t\t\t<\/div>\n\t\t\t\t\t<\/div>\n\t\t<\/div>\n\t\t\t\t<div class=\"elementor-column elementor-col-50 elementor-inner-column elementor-element elementor-element-d57a8cc\" data-id=\"d57a8cc\" data-element_type=\"column\" data-settings=\"{&quot;background_background&quot;:&quot;classic&quot;}\">\n\t\t\t<div class=\"elementor-column-wrap elementor-element-populated\">\n\t\t\t\t\t\t\t<div class=\"elementor-widget-wrap\">\n\t\t\t\t\t\t<div class=\"elementor-element elementor-element-deada72 elementor-widget elementor-widget-heading\" data-id=\"deada72\" data-element_type=\"widget\" data-widget_type=\"heading.default\">\n\t\t\t\t<div class=\"elementor-widget-container\">\n\t\t\t<h2 class=\"elementor-heading-title elementor-size-default\">\u00a1Completa el formulario para obtener m\u00e1s informaci\u00f3n!<\/h2>\t\t<\/div>\n\t\t\t\t<\/div>\n\t\t\t\t<div class=\"elementor-element elementor-element-0e10557 elementor-widget elementor-widget-html\" data-id=\"0e10557\" data-element_type=\"widget\" data-widget_type=\"html.default\">\n\t\t\t\t<div class=\"elementor-widget-container\">\n\t\t\t<div class=\"pipedriveWebForms\" data-pd-webforms=\"https:\/\/webforms.pipedrive.com\/f\/1AD9KGNGum4bQIsL45r5WrzKHiahSvAt2DaI4bWlc1g43ijCzQMagc2fS4OMof4Az\"><script src=\"https:\/\/webforms.pipedrive.com\/f\/loader\"><\/script><\/div>\t\t<\/div>\n\t\t\t\t<\/div>\n\t\t\t\t\t\t<\/div>\n\t\t\t\t\t<\/div>\n\t\t<\/div>\n\t\t\t\t\t\t\t\t<\/div>\n\t\t\t\t\t<\/div>\n\t\t<\/section>\n\t\t\t\t\t\t<\/div>\n\t\t\t\t\t<\/div>\n\t\t<\/div>\n\t\t\t\t\t\t\t\t<\/div>\n\t\t\t\t\t<\/div>\n\t\t<\/section>\n\t\t\t\t\t\t\t\t\t<\/div>\n\t\t\t<\/div>\n\t\t\t\t\t<\/div>","protected":false},"excerpt":{"rendered":"<p>Gestiona els espais del municipi Sol\u00b7licita una demo per descubrir com gestionar control d&#8217;acc\u00e9s del teu municipi. Tankuam, m\u00e9s que un Software de gesti\u00f3. Completa el formulari per obtenir m\u00e9s informaci\u00f3!<\/p>","protected":false},"author":2,"featured_media":0,"parent":19509,"menu_order":0,"comment_status":"closed","ping_status":"closed","template":"","meta":{"footnotes":""},"yoast_head":"<!-- This site is optimized with the Yoast SEO plugin v21.8 - https:\/\/yoast.com\/wordpress\/plugins\/seo\/ -->\n<title>M\u00e9s informaci\u00f3 control d&#039;acc\u00e9s - Tankuam<\/title>\n<meta name=\"description\" content=\"Gestiona els espais del municipi Sol\u00b7licita una demo per descubrir com gestionar control d&#039;acc\u00e9s del teu municipi. Tankuam, m\u00e9s que un Software de gesti\u00f3.\" \/>\n<meta name=\"robots\" content=\"noindex, follow\" \/>\n<meta property=\"og:locale\" content=\"es_ES\" \/>\n<meta property=\"og:type\" content=\"article\" \/>\n<meta property=\"og:title\" content=\"M\u00e9s informaci\u00f3 control d&#039;acc\u00e9s - Tankuam\" \/>\n<meta property=\"og:description\" content=\"Gestiona els espais del municipi Sol\u00b7licita una demo per descubrir com gestionar control d&#039;acc\u00e9s del teu municipi. Tankuam, m\u00e9s que un Software de gesti\u00f3.\" \/>\n<meta property=\"og:url\" content=\"https:\/\/tankuam.com\/es\/places\/control-dacces\/mes-informacio-control-dacces\/\" \/>\n<meta property=\"og:site_name\" content=\"Tankuam\" \/>\n<meta property=\"article:modified_time\" content=\"2024-05-07T09:20:54+00:00\" \/>\n<meta property=\"og:image\" content=\"https:\/\/tankuam.com\/wp-content\/uploads\/2024\/05\/form2.webp\" \/>\n<meta name=\"twitter:card\" content=\"summary_large_image\" \/>\n<meta name=\"twitter:label1\" content=\"Tiempo de lectura\" \/>\n\t<meta name=\"twitter:data1\" content=\"1 minuto\" \/>\n<script type=\"application\/ld+json\" class=\"yoast-schema-graph\">{\"@context\":\"https:\/\/schema.org\",\"@graph\":[{\"@type\":\"WebPage\",\"@id\":\"https:\/\/tankuam.com\/places\/control-dacces\/mes-informacio-control-dacces\/\",\"url\":\"https:\/\/tankuam.com\/places\/control-dacces\/mes-informacio-control-dacces\/\",\"name\":\"M\u00e9s informaci\u00f3 control d'acc\u00e9s - Tankuam\",\"isPartOf\":{\"@id\":\"https:\/\/tankuam.com\/#website\"},\"datePublished\":\"2022-05-04T09:05:45+00:00\",\"dateModified\":\"2024-05-07T09:20:54+00:00\",\"description\":\"Gestiona els espais del municipi Sol\u00b7licita una demo per descubrir com gestionar control d'acc\u00e9s del teu municipi. Tankuam, m\u00e9s que un Software de gesti\u00f3.\",\"breadcrumb\":{\"@id\":\"https:\/\/tankuam.com\/places\/control-dacces\/mes-informacio-control-dacces\/#breadcrumb\"},\"inLanguage\":\"es\",\"potentialAction\":[{\"@type\":\"ReadAction\",\"target\":[\"https:\/\/tankuam.com\/places\/control-dacces\/mes-informacio-control-dacces\/\"]}]},{\"@type\":\"BreadcrumbList\",\"@id\":\"https:\/\/tankuam.com\/places\/control-dacces\/mes-informacio-control-dacces\/#breadcrumb\",\"itemListElement\":[{\"@type\":\"ListItem\",\"position\":1,\"name\":\"Inici\",\"item\":\"https:\/\/tankuam.com\/\"},{\"@type\":\"ListItem\",\"position\":2,\"name\":\"Places\",\"item\":\"https:\/\/tankuam.com\/places\/\"},{\"@type\":\"ListItem\",\"position\":3,\"name\":\"Control d&#8217;acc\u00e9s\",\"item\":\"https:\/\/tankuam.com\/places\/control-dacces\/\"},{\"@type\":\"ListItem\",\"position\":4,\"name\":\"M\u00e9s informaci\u00f3 control d&#8217;acc\u00e9s\"}]},{\"@type\":\"WebSite\",\"@id\":\"https:\/\/tankuam.com\/#website\",\"url\":\"https:\/\/tankuam.com\/\",\"name\":\"Tankuam\",\"description\":\"Tota la gesti\u00f3 i el control en un \u00fanic espai\",\"publisher\":{\"@id\":\"https:\/\/tankuam.com\/#organization\"},\"potentialAction\":[{\"@type\":\"SearchAction\",\"target\":{\"@type\":\"EntryPoint\",\"urlTemplate\":\"https:\/\/tankuam.com\/?s={search_term_string}\"},\"query-input\":\"required name=search_term_string\"}],\"inLanguage\":\"es\"},{\"@type\":\"Organization\",\"@id\":\"https:\/\/tankuam.com\/#organization\",\"name\":\"Tankuam\",\"url\":\"https:\/\/tankuam.com\/\",\"logo\":{\"@type\":\"ImageObject\",\"inLanguage\":\"es\",\"@id\":\"https:\/\/tankuam.com\/#\/schema\/logo\/image\/\",\"url\":\"https:\/\/tankuam.com\/wp-content\/uploads\/2020\/07\/tankuamambmida.png\",\"contentUrl\":\"https:\/\/tankuam.com\/wp-content\/uploads\/2020\/07\/tankuamambmida.png\",\"width\":940,\"height\":200,\"caption\":\"Tankuam\"},\"image\":{\"@id\":\"https:\/\/tankuam.com\/#\/schema\/logo\/image\/\"}}]}<\/script>\n<!-- \/ Yoast SEO plugin. -->","yoast_head_json":{"title":"M\u00e1s informaci\u00f3n control de accesos - Tankuam","description":"Gestiona los espacios del municipio Solicita una demo para descubrir como gestionar el control de acceso de tu municipio. Tankuam, m\u00e1s que un software de gesti\u00f3n.","robots":{"index":"noindex","follow":"follow"},"og_locale":"es_ES","og_type":"article","og_title":"M\u00e9s informaci\u00f3 control d'acc\u00e9s - Tankuam","og_description":"Gestiona els espais del municipi Sol\u00b7licita una demo per descubrir com gestionar control d'acc\u00e9s del teu municipi. Tankuam, m\u00e9s que un Software de gesti\u00f3.","og_url":"https:\/\/tankuam.com\/es\/places\/control-dacces\/mes-informacio-control-dacces\/","og_site_name":"Tankuam","article_modified_time":"2024-05-07T09:20:54+00:00","og_image":[{"url":"https:\/\/tankuam.com\/wp-content\/uploads\/2024\/05\/form2.webp"}],"twitter_card":"summary_large_image","twitter_misc":{"Tiempo de lectura":"1 minuto"},"schema":{"@context":"https:\/\/schema.org","@graph":[{"@type":"WebPage","@id":"https:\/\/tankuam.com\/places\/control-dacces\/mes-informacio-control-dacces\/","url":"https:\/\/tankuam.com\/places\/control-dacces\/mes-informacio-control-dacces\/","name":"M\u00e1s informaci\u00f3n control de accesos - Tankuam","isPartOf":{"@id":"https:\/\/tankuam.com\/#website"},"datePublished":"2022-05-04T09:05:45+00:00","dateModified":"2024-05-07T09:20:54+00:00","description":"Gestiona los espacios del municipio Solicita una demo para descubrir como gestionar el control de acceso de tu municipio. Tankuam, m\u00e1s que un software de gesti\u00f3n.","breadcrumb":{"@id":"https:\/\/tankuam.com\/places\/control-dacces\/mes-informacio-control-dacces\/#breadcrumb"},"inLanguage":"es","potentialAction":[{"@type":"ReadAction","target":["https:\/\/tankuam.com\/places\/control-dacces\/mes-informacio-control-dacces\/"]}]},{"@type":"BreadcrumbList","@id":"https:\/\/tankuam.com\/places\/control-dacces\/mes-informacio-control-dacces\/#breadcrumb","itemListElement":[{"@type":"ListItem","position":1,"name":"Inici","item":"https:\/\/tankuam.com\/"},{"@type":"ListItem","position":2,"name":"Places","item":"https:\/\/tankuam.com\/places\/"},{"@type":"ListItem","position":3,"name":"Control d&#8217;acc\u00e9s","item":"https:\/\/tankuam.com\/places\/control-dacces\/"},{"@type":"ListItem","position":4,"name":"M\u00e9s informaci\u00f3 control d&#8217;acc\u00e9s"}]},{"@type":"WebSite","@id":"https:\/\/tankuam.com\/#website","url":"https:\/\/tankuam.com\/","name":"Tankuam","description":"Toda la gesti\u00f3n y el control en un \u00fanico espacio","publisher":{"@id":"https:\/\/tankuam.com\/#organization"},"potentialAction":[{"@type":"SearchAction","target":{"@type":"EntryPoint","urlTemplate":"https:\/\/tankuam.com\/?s={search_term_string}"},"query-input":"required name=search_term_string"}],"inLanguage":"es"},{"@type":"Organization","@id":"https:\/\/tankuam.com\/#organization","name":"Tankuam","url":"https:\/\/tankuam.com\/","logo":{"@type":"ImageObject","inLanguage":"es","@id":"https:\/\/tankuam.com\/#\/schema\/logo\/image\/","url":"https:\/\/tankuam.com\/wp-content\/uploads\/2020\/07\/tankuamambmida.png","contentUrl":"https:\/\/tankuam.com\/wp-content\/uploads\/2020\/07\/tankuamambmida.png","width":940,"height":200,"caption":"Tankuam"},"image":{"@id":"https:\/\/tankuam.com\/#\/schema\/logo\/image\/"}}]}},"_links":{"self":[{"href":"https:\/\/tankuam.com\/es\/wp-json\/wp\/v2\/pages\/19533"}],"collection":[{"href":"https:\/\/tankuam.com\/es\/wp-json\/wp\/v2\/pages"}],"about":[{"href":"https:\/\/tankuam.com\/es\/wp-json\/wp\/v2\/types\/page"}],"author":[{"embeddable":true,"href":"https:\/\/tankuam.com\/es\/wp-json\/wp\/v2\/users\/2"}],"replies":[{"embeddable":true,"href":"https:\/\/tankuam.com\/es\/wp-json\/wp\/v2\/comments?post=19533"}],"version-history":[{"count":31,"href":"https:\/\/tankuam.com\/es\/wp-json\/wp\/v2\/pages\/19533\/revisions"}],"predecessor-version":[{"id":22815,"href":"https:\/\/tankuam.com\/es\/wp-json\/wp\/v2\/pages\/19533\/revisions\/22815"}],"up":[{"embeddable":true,"href":"https:\/\/tankuam.com\/es\/wp-json\/wp\/v2\/pages\/19509"}],"wp:attachment":[{"href":"https:\/\/tankuam.com\/es\/wp-json\/wp\/v2\/media?parent=19533"}],"curies":[{"name":"wp","href":"https:\/\/api.w.org\/{rel}","templated":true}]}}