{"id":19241,"date":"2022-04-28T13:30:16","date_gmt":"2022-04-28T11:30:16","guid":{"rendered":"https:\/\/tankuam.com\/?page_id=19241"},"modified":"2024-05-07T11:44:37","modified_gmt":"2024-05-07T09:44:37","slug":"mes-informacio-sms","status":"publish","type":"page","link":"https:\/\/tankuam.com\/es\/sms\/mes-informacio-sms\/","title":{"rendered":"M\u00e1s informaci\u00f3n SMS"},"content":{"rendered":"<div data-elementor-type=\"wp-page\" data-elementor-id=\"19241\" class=\"elementor elementor-19241\" data-elementor-post-type=\"page\">\n\t\t\t\t\t\t<div class=\"elementor-inner\">\n\t\t\t\t<div class=\"elementor-section-wrap\">\n\t\t\t\t\t\t\t\t\t<section class=\"elementor-section elementor-top-section elementor-element elementor-element-bfa9860 elementor-section-height-min-height elementor-section-boxed elementor-section-height-default elementor-section-items-middle\" data-id=\"bfa9860\" data-element_type=\"section\" data-settings=\"{&quot;background_background&quot;:&quot;classic&quot;,&quot;jet_parallax_layout_list&quot;:[]}\">\n\t\t\t\t\t\t<div class=\"elementor-container elementor-column-gap-default\">\n\t\t\t\t\t\t\t<div class=\"elementor-row\">\n\t\t\t\t\t<div class=\"elementor-column elementor-col-100 elementor-top-column elementor-element elementor-element-9dde406\" data-id=\"9dde406\" data-element_type=\"column\">\n\t\t\t<div class=\"elementor-column-wrap elementor-element-populated\">\n\t\t\t\t\t\t\t<div class=\"elementor-widget-wrap\">\n\t\t\t\t\t\t<section class=\"elementor-section elementor-inner-section elementor-element elementor-element-e4e4f89 elementor-section-boxed elementor-section-height-default elementor-section-height-default\" data-id=\"e4e4f89\" data-element_type=\"section\" data-settings=\"{&quot;jet_parallax_layout_list&quot;:[]}\">\n\t\t\t\t\t\t<div class=\"elementor-container elementor-column-gap-default\">\n\t\t\t\t\t\t\t<div class=\"elementor-row\">\n\t\t\t\t\t<div class=\"elementor-column elementor-col-50 elementor-inner-column elementor-element elementor-element-578ae50\" data-id=\"578ae50\" data-element_type=\"column\">\n\t\t\t<div class=\"elementor-column-wrap elementor-element-populated\">\n\t\t\t\t\t\t\t<div class=\"elementor-widget-wrap\">\n\t\t\t\t\t\t<div class=\"elementor-element elementor-element-41ca84e elementor-widget elementor-widget-heading\" data-id=\"41ca84e\" data-element_type=\"widget\" data-widget_type=\"heading.default\">\n\t\t\t\t<div class=\"elementor-widget-container\">\n\t\t\t<h2 class=\"elementor-heading-title elementor-size-default\">Empieza a comunicar con tus usuarios<\/h2>\t\t<\/div>\n\t\t\t\t<\/div>\n\t\t\t\t<div class=\"elementor-element elementor-element-43367d3 elementor-widget elementor-widget-heading\" data-id=\"43367d3\" data-element_type=\"widget\" data-widget_type=\"heading.default\">\n\t\t\t\t<div class=\"elementor-widget-container\">\n\t\t\t<h4 class=\"elementor-heading-title elementor-size-default\">Solicita una demo para ver c\u00f3mo funciona el sistema de comunicaci\u00f3n SMS de Tankuam, m\u00e1s que un Software de gesti\u00f3n.<\/h4>\t\t<\/div>\n\t\t\t\t<\/div>\n\t\t\t\t<div class=\"elementor-element elementor-element-065920a elementor-widget elementor-widget-image\" data-id=\"065920a\" data-element_type=\"widget\" data-widget_type=\"image.default\">\n\t\t\t\t<div class=\"elementor-widget-container\">\n\t\t\t\t\t\t\t\t<div class=\"elementor-image\">\n\t\t\t\t\t\t\t\t\t\t\t\t<img fetchpriority=\"high\" decoding=\"async\" width=\"800\" height=\"422\" src=\"https:\/\/tankuam.com\/wp-content\/uploads\/2024\/05\/sms.webp\" class=\"attachment-large size-large wp-image-22847\" alt=\"\" srcset=\"https:\/\/tankuam.com\/wp-content\/uploads\/2024\/05\/sms.webp 1024w, https:\/\/tankuam.com\/wp-content\/uploads\/2024\/05\/sms-300x158.webp 300w, https:\/\/tankuam.com\/wp-content\/uploads\/2024\/05\/sms-768x405.webp 768w, https:\/\/tankuam.com\/wp-content\/uploads\/2024\/05\/sms-18x9.webp 18w\" sizes=\"(max-width: 800px) 100vw, 800px\" \/>\t\t\t\t\t\t\t\t\t\t\t\t\t\t<\/div>\n\t\t\t\t\t\t<\/div>\n\t\t\t\t<\/div>\n\t\t\t\t\t\t<\/div>\n\t\t\t\t\t<\/div>\n\t\t<\/div>\n\t\t\t\t<div class=\"elementor-column elementor-col-50 elementor-inner-column elementor-element elementor-element-d57a8cc\" data-id=\"d57a8cc\" data-element_type=\"column\" data-settings=\"{&quot;background_background&quot;:&quot;classic&quot;}\">\n\t\t\t<div class=\"elementor-column-wrap elementor-element-populated\">\n\t\t\t\t\t\t\t<div class=\"elementor-widget-wrap\">\n\t\t\t\t\t\t<div class=\"elementor-element elementor-element-deada72 elementor-widget elementor-widget-heading\" data-id=\"deada72\" data-element_type=\"widget\" data-widget_type=\"heading.default\">\n\t\t\t\t<div class=\"elementor-widget-container\">\n\t\t\t<h2 class=\"elementor-heading-title elementor-size-default\">\u00a1Completa el formulario para obtener m\u00e1s informaci\u00f3n!<\/h2>\t\t<\/div>\n\t\t\t\t<\/div>\n\t\t\t\t<div class=\"elementor-element elementor-element-a03d9b8 elementor-widget elementor-widget-html\" data-id=\"a03d9b8\" data-element_type=\"widget\" data-widget_type=\"html.default\">\n\t\t\t\t<div class=\"elementor-widget-container\">\n\t\t\t<div class=\"pipedriveWebForms\" data-pd-webforms=\"https:\/\/webforms.pipedrive.com\/f\/1HIu7Ploaj0SZMcnQQUYFrwl6tssGDfYxRXxByMZ8J63ygEfoi7f4C9wCkCLLkoBJ\"><script src=\"https:\/\/webforms.pipedrive.com\/f\/loader\"><\/script><\/div>\t\t<\/div>\n\t\t\t\t<\/div>\n\t\t\t\t\t\t<\/div>\n\t\t\t\t\t<\/div>\n\t\t<\/div>\n\t\t\t\t\t\t\t\t<\/div>\n\t\t\t\t\t<\/div>\n\t\t<\/section>\n\t\t\t\t\t\t<\/div>\n\t\t\t\t\t<\/div>\n\t\t<\/div>\n\t\t\t\t\t\t\t\t<\/div>\n\t\t\t\t\t<\/div>\n\t\t<\/section>\n\t\t\t\t\t\t\t\t\t<\/div>\n\t\t\t<\/div>\n\t\t\t\t\t<\/div>","protected":false},"excerpt":{"rendered":"<p>Comen\u00e7a a comunicar amb els teus usuaris Sol\u00b7licita una demo per veure com funciona el sistema de comunicaci\u00f3 SMS de Tankuam, m\u00e9s que un Software de gesti\u00f3. Completa el formulari per obtenir m\u00e9s informaci\u00f3!<\/p>","protected":false},"author":2,"featured_media":0,"parent":16332,"menu_order":0,"comment_status":"closed","ping_status":"closed","template":"","meta":{"footnotes":""},"yoast_head":"<!-- This site is optimized with the Yoast SEO plugin v21.8 - https:\/\/yoast.com\/wordpress\/plugins\/seo\/ -->\n<title>M\u00e9s informaci\u00f3 SMS - Tankuam<\/title>\n<meta name=\"description\" content=\"Comen\u00e7a a comunicar amb els teus usuaris Sol\u00b7licita una demo per veure com funciona el sistema de comunicaci\u00f3 SMS de Tankuam, m\u00e9s que un Software de\" \/>\n<meta name=\"robots\" content=\"noindex, follow\" \/>\n<meta property=\"og:locale\" content=\"es_ES\" \/>\n<meta property=\"og:type\" content=\"article\" \/>\n<meta property=\"og:title\" content=\"M\u00e9s informaci\u00f3 SMS - Tankuam\" \/>\n<meta property=\"og:description\" content=\"Comen\u00e7a a comunicar amb els teus usuaris Sol\u00b7licita una demo per veure com funciona el sistema de comunicaci\u00f3 SMS de Tankuam, m\u00e9s que un Software de\" \/>\n<meta property=\"og:url\" content=\"https:\/\/tankuam.com\/es\/sms\/mes-informacio-sms\/\" \/>\n<meta property=\"og:site_name\" content=\"Tankuam\" \/>\n<meta property=\"article:modified_time\" content=\"2024-05-07T09:44:37+00:00\" \/>\n<meta property=\"og:image\" content=\"https:\/\/tankuam.com\/wp-content\/uploads\/2024\/05\/sms.webp\" \/>\n<meta name=\"twitter:card\" content=\"summary_large_image\" \/>\n<meta name=\"twitter:label1\" content=\"Tiempo de lectura\" \/>\n\t<meta name=\"twitter:data1\" content=\"1 minuto\" \/>\n<script type=\"application\/ld+json\" class=\"yoast-schema-graph\">{\"@context\":\"https:\/\/schema.org\",\"@graph\":[{\"@type\":\"WebPage\",\"@id\":\"https:\/\/tankuam.com\/sms\/mes-informacio-sms\/\",\"url\":\"https:\/\/tankuam.com\/sms\/mes-informacio-sms\/\",\"name\":\"M\u00e9s informaci\u00f3 SMS - Tankuam\",\"isPartOf\":{\"@id\":\"https:\/\/tankuam.com\/#website\"},\"datePublished\":\"2022-04-28T11:30:16+00:00\",\"dateModified\":\"2024-05-07T09:44:37+00:00\",\"description\":\"Comen\u00e7a a comunicar amb els teus usuaris Sol\u00b7licita una demo per veure com funciona el sistema de comunicaci\u00f3 SMS de Tankuam, m\u00e9s que un Software de\",\"breadcrumb\":{\"@id\":\"https:\/\/tankuam.com\/sms\/mes-informacio-sms\/#breadcrumb\"},\"inLanguage\":\"es\",\"potentialAction\":[{\"@type\":\"ReadAction\",\"target\":[\"https:\/\/tankuam.com\/sms\/mes-informacio-sms\/\"]}]},{\"@type\":\"BreadcrumbList\",\"@id\":\"https:\/\/tankuam.com\/sms\/mes-informacio-sms\/#breadcrumb\",\"itemListElement\":[{\"@type\":\"ListItem\",\"position\":1,\"name\":\"Inici\",\"item\":\"https:\/\/tankuam.com\/\"},{\"@type\":\"ListItem\",\"position\":2,\"name\":\"SMS\",\"item\":\"https:\/\/tankuam.com\/sms\/\"},{\"@type\":\"ListItem\",\"position\":3,\"name\":\"M\u00e9s informaci\u00f3 SMS\"}]},{\"@type\":\"WebSite\",\"@id\":\"https:\/\/tankuam.com\/#website\",\"url\":\"https:\/\/tankuam.com\/\",\"name\":\"Tankuam\",\"description\":\"Tota la gesti\u00f3 i el control en un \u00fanic espai\",\"publisher\":{\"@id\":\"https:\/\/tankuam.com\/#organization\"},\"potentialAction\":[{\"@type\":\"SearchAction\",\"target\":{\"@type\":\"EntryPoint\",\"urlTemplate\":\"https:\/\/tankuam.com\/?s={search_term_string}\"},\"query-input\":\"required name=search_term_string\"}],\"inLanguage\":\"es\"},{\"@type\":\"Organization\",\"@id\":\"https:\/\/tankuam.com\/#organization\",\"name\":\"Tankuam\",\"url\":\"https:\/\/tankuam.com\/\",\"logo\":{\"@type\":\"ImageObject\",\"inLanguage\":\"es\",\"@id\":\"https:\/\/tankuam.com\/#\/schema\/logo\/image\/\",\"url\":\"https:\/\/tankuam.com\/wp-content\/uploads\/2020\/07\/tankuamambmida.png\",\"contentUrl\":\"https:\/\/tankuam.com\/wp-content\/uploads\/2020\/07\/tankuamambmida.png\",\"width\":940,\"height\":200,\"caption\":\"Tankuam\"},\"image\":{\"@id\":\"https:\/\/tankuam.com\/#\/schema\/logo\/image\/\"}}]}<\/script>\n<!-- \/ Yoast SEO plugin. -->","yoast_head_json":{"title":"M\u00e1s informaci\u00f3n SMS - Tankuam","description":"Empieza a comunicar con tus usuarios Solicita una demo para ver c\u00f3mo funciona el sistema de comunicaci\u00f3n SMS de Tankuam, m\u00e1s que un Software de","robots":{"index":"noindex","follow":"follow"},"og_locale":"es_ES","og_type":"article","og_title":"M\u00e9s informaci\u00f3 SMS - Tankuam","og_description":"Comen\u00e7a a comunicar amb els teus usuaris Sol\u00b7licita una demo per veure com funciona el sistema de comunicaci\u00f3 SMS de Tankuam, m\u00e9s que un Software de","og_url":"https:\/\/tankuam.com\/es\/sms\/mes-informacio-sms\/","og_site_name":"Tankuam","article_modified_time":"2024-05-07T09:44:37+00:00","og_image":[{"url":"https:\/\/tankuam.com\/wp-content\/uploads\/2024\/05\/sms.webp"}],"twitter_card":"summary_large_image","twitter_misc":{"Tiempo de lectura":"1 minuto"},"schema":{"@context":"https:\/\/schema.org","@graph":[{"@type":"WebPage","@id":"https:\/\/tankuam.com\/sms\/mes-informacio-sms\/","url":"https:\/\/tankuam.com\/sms\/mes-informacio-sms\/","name":"M\u00e1s informaci\u00f3n SMS - Tankuam","isPartOf":{"@id":"https:\/\/tankuam.com\/#website"},"datePublished":"2022-04-28T11:30:16+00:00","dateModified":"2024-05-07T09:44:37+00:00","description":"Empieza a comunicar con tus usuarios Solicita una demo para ver c\u00f3mo funciona el sistema de comunicaci\u00f3n SMS de Tankuam, m\u00e1s que un Software de","breadcrumb":{"@id":"https:\/\/tankuam.com\/sms\/mes-informacio-sms\/#breadcrumb"},"inLanguage":"es","potentialAction":[{"@type":"ReadAction","target":["https:\/\/tankuam.com\/sms\/mes-informacio-sms\/"]}]},{"@type":"BreadcrumbList","@id":"https:\/\/tankuam.com\/sms\/mes-informacio-sms\/#breadcrumb","itemListElement":[{"@type":"ListItem","position":1,"name":"Inici","item":"https:\/\/tankuam.com\/"},{"@type":"ListItem","position":2,"name":"SMS","item":"https:\/\/tankuam.com\/sms\/"},{"@type":"ListItem","position":3,"name":"M\u00e9s informaci\u00f3 SMS"}]},{"@type":"WebSite","@id":"https:\/\/tankuam.com\/#website","url":"https:\/\/tankuam.com\/","name":"Tankuam","description":"Toda la gesti\u00f3n y el control en un \u00fanico espacio","publisher":{"@id":"https:\/\/tankuam.com\/#organization"},"potentialAction":[{"@type":"SearchAction","target":{"@type":"EntryPoint","urlTemplate":"https:\/\/tankuam.com\/?s={search_term_string}"},"query-input":"required name=search_term_string"}],"inLanguage":"es"},{"@type":"Organization","@id":"https:\/\/tankuam.com\/#organization","name":"Tankuam","url":"https:\/\/tankuam.com\/","logo":{"@type":"ImageObject","inLanguage":"es","@id":"https:\/\/tankuam.com\/#\/schema\/logo\/image\/","url":"https:\/\/tankuam.com\/wp-content\/uploads\/2020\/07\/tankuamambmida.png","contentUrl":"https:\/\/tankuam.com\/wp-content\/uploads\/2020\/07\/tankuamambmida.png","width":940,"height":200,"caption":"Tankuam"},"image":{"@id":"https:\/\/tankuam.com\/#\/schema\/logo\/image\/"}}]}},"_links":{"self":[{"href":"https:\/\/tankuam.com\/es\/wp-json\/wp\/v2\/pages\/19241"}],"collection":[{"href":"https:\/\/tankuam.com\/es\/wp-json\/wp\/v2\/pages"}],"about":[{"href":"https:\/\/tankuam.com\/es\/wp-json\/wp\/v2\/types\/page"}],"author":[{"embeddable":true,"href":"https:\/\/tankuam.com\/es\/wp-json\/wp\/v2\/users\/2"}],"replies":[{"embeddable":true,"href":"https:\/\/tankuam.com\/es\/wp-json\/wp\/v2\/comments?post=19241"}],"version-history":[{"count":14,"href":"https:\/\/tankuam.com\/es\/wp-json\/wp\/v2\/pages\/19241\/revisions"}],"predecessor-version":[{"id":22856,"href":"https:\/\/tankuam.com\/es\/wp-json\/wp\/v2\/pages\/19241\/revisions\/22856"}],"up":[{"embeddable":true,"href":"https:\/\/tankuam.com\/es\/wp-json\/wp\/v2\/pages\/16332"}],"wp:attachment":[{"href":"https:\/\/tankuam.com\/es\/wp-json\/wp\/v2\/media?parent=19241"}],"curies":[{"name":"wp","href":"https:\/\/api.w.org\/{rel}","templated":true}]}}