{"id":18280,"date":"2021-10-06T16:33:06","date_gmt":"2021-10-06T14:33:06","guid":{"rendered":"https:\/\/tankuam.com\/?page_id=18280"},"modified":"2024-08-22T08:43:29","modified_gmt":"2024-08-22T06:43:29","slug":"mes-informacio-app","status":"publish","type":"page","link":"https:\/\/tankuam.com\/es\/places\/app-tankuam\/mes-informacio-app\/","title":{"rendered":"M\u00e1s informaci\u00f3n app"},"content":{"rendered":"\t\t<div data-elementor-type=\"wp-page\" data-elementor-id=\"18280\" class=\"elementor elementor-18280\" data-elementor-post-type=\"page\">\n\t\t\t\t\t\t<div class=\"elementor-inner\">\n\t\t\t\t<div class=\"elementor-section-wrap\">\n\t\t\t\t\t\t\t\t\t<section class=\"elementor-section elementor-top-section elementor-element elementor-element-b19d0cb elementor-section-full_width elementor-section-height-min-height elementor-section-height-default elementor-section-items-middle\" data-id=\"b19d0cb\" data-element_type=\"section\" data-settings=\"{&quot;background_background&quot;:&quot;classic&quot;,&quot;jet_parallax_layout_list&quot;:[]}\">\n\t\t\t\t\t\t<div class=\"elementor-container elementor-column-gap-default\">\n\t\t\t\t\t\t\t<div class=\"elementor-row\">\n\t\t\t\t\t<div class=\"elementor-column elementor-col-50 elementor-top-column elementor-element elementor-element-da20340 elementor-invisible\" data-id=\"da20340\" data-element_type=\"column\" data-settings=\"{&quot;background_background&quot;:&quot;classic&quot;,&quot;animation&quot;:&quot;fadeIn&quot;}\">\n\t\t\t<div class=\"elementor-column-wrap elementor-element-populated\">\n\t\t\t\t\t\t\t<div class=\"elementor-widget-wrap\">\n\t\t\t\t\t\t<div class=\"elementor-element elementor-element-ba9e3e1 elementor-widget elementor-widget-heading\" data-id=\"ba9e3e1\" data-element_type=\"widget\" data-widget_type=\"heading.default\">\n\t\t\t\t<div class=\"elementor-widget-container\">\n\t\t\t<h3 class=\"elementor-heading-title elementor-size-default\">Descobreix l'app que revolucionar\u00e0 el teu municipi<\/h3>\t\t<\/div>\n\t\t\t\t<\/div>\n\t\t\t\t<div class=\"elementor-element elementor-element-2685379 elementor-widget elementor-widget-heading\" data-id=\"2685379\" data-element_type=\"widget\" data-widget_type=\"heading.default\">\n\t\t\t\t<div class=\"elementor-widget-container\">\n\t\t\t<p class=\"elementor-heading-title elementor-size-default\">Volem ajudar-te a comunicar i a millorar la gesti\u00f3 i el control de tots els espais del municipi. Per aix\u00f2 ens encantar\u00e0 explicar-te com funciona la nova app de Tankuam 100% personalitzada.<\/p>\t\t<\/div>\n\t\t\t\t<\/div>\n\t\t\t\t<div class=\"elementor-element elementor-element-33f5b1e elementor-button-align-stretch elementor-widget elementor-widget-form\" data-id=\"33f5b1e\" data-element_type=\"widget\" data-settings=\"{&quot;step_next_label&quot;:&quot;Next&quot;,&quot;step_previous_label&quot;:&quot;Previous&quot;,&quot;button_width&quot;:&quot;100&quot;,&quot;step_type&quot;:&quot;number_text&quot;,&quot;step_icon_shape&quot;:&quot;circle&quot;}\" data-widget_type=\"form.default\">\n\t\t\t\t<div class=\"elementor-widget-container\">\n\t\t\t\t\t<form class=\"elementor-form\" method=\"post\" name=\"Nou formulari\">\n\t\t\t<input type=\"hidden\" name=\"post_id\" value=\"18280\"\/>\n\t\t\t<input type=\"hidden\" name=\"form_id\" value=\"33f5b1e\"\/>\n\t\t\t<input type=\"hidden\" name=\"referer_title\" value=\"Tankuam\" \/>\n\n\t\t\t\n\t\t\t<div class=\"elementor-form-fields-wrapper elementor-labels-above\">\n\t\t\t\t\t\t\t\t<div class=\"elementor-field-type-text elementor-field-group elementor-column elementor-field-group-name elementor-col-100\">\n\t\t\t\t\t\t\t\t\t\t\t\t<label for=\"form-field-name\" class=\"elementor-field-label\">\n\t\t\t\t\t\t\t\tNom\t\t\t\t\t\t\t<\/label>\n\t\t\t\t\t\t\t\t\t\t\t\t\t\t<input size=\"1\" type=\"text\" name=\"form_fields[name]\" id=\"form-field-name\" class=\"elementor-field elementor-size-xs  elementor-field-textual\" placeholder=\"Nom\">\n\t\t\t\t\t\t\t\t\t\t\t<\/div>\n\t\t\t\t\t\t\t\t<div class=\"elementor-field-type-email elementor-field-group elementor-column elementor-field-group-email elementor-col-100 elementor-field-required elementor-mark-required\">\n\t\t\t\t\t\t\t\t\t\t\t\t<label for=\"form-field-email\" class=\"elementor-field-label\">\n\t\t\t\t\t\t\t\tCorreu electr\u00f2nic\t\t\t\t\t\t\t<\/label>\n\t\t\t\t\t\t\t\t\t\t\t\t\t\t<input size=\"1\" type=\"email\" name=\"form_fields[email]\" id=\"form-field-email\" class=\"elementor-field elementor-size-xs  elementor-field-textual\" placeholder=\"Correu electr\u00f2nic\" required=\"required\" aria-required=\"true\">\n\t\t\t\t\t\t\t\t\t\t\t<\/div>\n\t\t\t\t\t\t\t\t<div class=\"elementor-field-type-text elementor-field-group elementor-column elementor-field-group-field_b26b2c3 elementor-col-100\">\n\t\t\t\t\t\t\t\t\t\t\t\t<label for=\"form-field-field_b26b2c3\" class=\"elementor-field-label\">\n\t\t\t\t\t\t\t\tTel\u00e8fon\t\t\t\t\t\t\t<\/label>\n\t\t\t\t\t\t\t\t\t\t\t\t\t\t<input size=\"1\" type=\"text\" name=\"form_fields[field_b26b2c3]\" id=\"form-field-field_b26b2c3\" class=\"elementor-field elementor-size-xs  elementor-field-textual\" placeholder=\"Tel\u00e8fon\">\n\t\t\t\t\t\t\t\t\t\t\t<\/div>\n\t\t\t\t\t\t\t\t<div class=\"elementor-field-type-textarea elementor-field-group elementor-column elementor-field-group-message elementor-col-100\">\n\t\t\t\t\t\t\t\t\t\t\t\t<label for=\"form-field-message\" class=\"elementor-field-label\">\n\t\t\t\t\t\t\t\tMissatge \t\t\t\t\t\t\t<\/label>\n\t\t\t\t\t\t<textarea class=\"elementor-field-textual elementor-field  elementor-size-xs\" name=\"form_fields[message]\" id=\"form-field-message\" rows=\"4\" placeholder=\"Missatge \"><\/textarea>\t\t\t\t<\/div>\n\t\t\t\t\t\t\t\t<div class=\"elementor-field-group elementor-column elementor-field-type-submit elementor-col-100 e-form__buttons\">\n\t\t\t\t\t<button type=\"submit\" class=\"elementor-button elementor-size-sm\">\n\t\t\t\t\t\t<span >\n\t\t\t\t\t\t\t\t\t\t\t\t\t\t\t<span class=\" elementor-button-icon\">\n\t\t\t\t\t\t\t\t\t\t\t\t\t\t\t\t\t\t\t\t\t\t\t\t\t\t<\/span>\n\t\t\t\t\t\t\t\t\t\t\t\t\t\t\t\t\t\t\t\t\t\t<span class=\"elementor-button-text\">Enviar<\/span>\n\t\t\t\t\t\t\t\t\t\t\t\t\t<\/span>\n\t\t\t\t\t<\/button>\n\t\t\t\t<\/div>\n\t\t\t<\/div>\n\t\t<\/form>\n\t\t\t\t<\/div>\n\t\t\t\t<\/div>\n\t\t\t\t\t\t<\/div>\n\t\t\t\t\t<\/div>\n\t\t<\/div>\n\t\t\t\t<div class=\"elementor-column elementor-col-50 elementor-top-column elementor-element elementor-element-7c8735d elementor-invisible\" data-id=\"7c8735d\" data-element_type=\"column\" data-settings=\"{&quot;background_background&quot;:&quot;classic&quot;,&quot;animation&quot;:&quot;fadeIn&quot;}\">\n\t\t\t<div class=\"elementor-column-wrap elementor-element-populated\">\n\t\t\t\t\t\t\t<div class=\"elementor-widget-wrap\">\n\t\t\t\t\t\t<div class=\"elementor-element elementor-element-2c17fef elementor-widget elementor-widget-image\" data-id=\"2c17fef\" data-element_type=\"widget\" data-settings=\"{&quot;sticky&quot;:&quot;top&quot;,&quot;sticky_on&quot;:[&quot;desktop&quot;,&quot;tablet&quot;],&quot;sticky_parent&quot;:&quot;yes&quot;,&quot;sticky_offset&quot;:0,&quot;sticky_effects_offset&quot;:0}\" data-widget_type=\"image.default\">\n\t\t\t\t<div class=\"elementor-widget-container\">\n\t\t\t\t\t\t\t\t<div class=\"elementor-image\">\n\t\t\t\t\t\t\t\t\t\t\t\t<img fetchpriority=\"high\" decoding=\"async\" width=\"800\" height=\"600\" src=\"https:\/\/tankuam.com\/wp-content\/uploads\/2024\/05\/inici_landing_copia-800x600-1.webp\" class=\"attachment-large size-large wp-image-22804\" alt=\"\" srcset=\"https:\/\/tankuam.com\/wp-content\/uploads\/2024\/05\/inici_landing_copia-800x600-1.webp 800w, https:\/\/tankuam.com\/wp-content\/uploads\/2024\/05\/inici_landing_copia-800x600-1-300x225.webp 300w, https:\/\/tankuam.com\/wp-content\/uploads\/2024\/05\/inici_landing_copia-800x600-1-768x576.webp 768w, https:\/\/tankuam.com\/wp-content\/uploads\/2024\/05\/inici_landing_copia-800x600-1-16x12.webp 16w\" sizes=\"(max-width: 800px) 100vw, 800px\" \/>\t\t\t\t\t\t\t\t\t\t\t\t\t\t<\/div>\n\t\t\t\t\t\t<\/div>\n\t\t\t\t<\/div>\n\t\t\t\t\t\t<\/div>\n\t\t\t\t\t<\/div>\n\t\t<\/div>\n\t\t\t\t\t\t\t\t<\/div>\n\t\t\t\t\t<\/div>\n\t\t<\/section>\n\t\t\t\t\t\t\t\t\t<\/div>\n\t\t\t<\/div>\n\t\t\t\t\t<\/div>\n\t\t","protected":false},"excerpt":{"rendered":"<p>Descobreix l&#8217;app que revolucionar\u00e0 el teu municipi Volem ajudar-te a comunicar i a millorar la gesti\u00f3 i el control de tots els espais del municipi. Per aix\u00f2 ens encantar\u00e0 explicar-te com funciona la nova app de Tankuam 100% personalitzada.<\/p>","protected":false},"author":2,"featured_media":0,"parent":18167,"menu_order":0,"comment_status":"closed","ping_status":"closed","template":"","meta":{"footnotes":""},"yoast_head":"<!-- This site is optimized with the Yoast SEO plugin v21.8 - https:\/\/yoast.com\/wordpress\/plugins\/seo\/ -->\n<title>M\u00e9s informaci\u00f3 app - Tankuam<\/title>\n<meta name=\"description\" content=\"Descobreix l&#039;app que revolucionar\u00e0 el teu municipi Volem ajudar-te a comunicar i a millorar la gesti\u00f3 i el control de tots els espais del municipi. Per\" \/>\n<meta name=\"robots\" content=\"index, follow, max-snippet:-1, max-image-preview:large, max-video-preview:-1\" \/>\n<link rel=\"canonical\" href=\"https:\/\/tankuam.com\/es\/places\/app-tankuam\/mes-informacio-app\/\" \/>\n<meta property=\"og:locale\" content=\"es_ES\" \/>\n<meta property=\"og:type\" content=\"article\" \/>\n<meta property=\"og:title\" content=\"M\u00e9s informaci\u00f3 app - Tankuam\" \/>\n<meta property=\"og:description\" content=\"Descobreix l&#039;app que revolucionar\u00e0 el teu municipi Volem ajudar-te a comunicar i a millorar la gesti\u00f3 i el control de tots els espais del municipi. Per\" \/>\n<meta property=\"og:url\" content=\"https:\/\/tankuam.com\/es\/places\/app-tankuam\/mes-informacio-app\/\" \/>\n<meta property=\"og:site_name\" content=\"Tankuam\" \/>\n<meta property=\"article:modified_time\" content=\"2024-08-22T06:43:29+00:00\" \/>\n<meta property=\"og:image\" content=\"https:\/\/tankuam.com\/wp-content\/uploads\/2024\/05\/inici_landing_copia-800x600-1.webp\" \/>\n<meta name=\"twitter:card\" content=\"summary_large_image\" \/>\n<meta name=\"twitter:label1\" content=\"Tiempo de lectura\" \/>\n\t<meta name=\"twitter:data1\" content=\"1 minuto\" \/>\n<script type=\"application\/ld+json\" class=\"yoast-schema-graph\">{\"@context\":\"https:\/\/schema.org\",\"@graph\":[{\"@type\":\"WebPage\",\"@id\":\"https:\/\/tankuam.com\/places\/app-tankuam\/mes-informacio-app\/\",\"url\":\"https:\/\/tankuam.com\/places\/app-tankuam\/mes-informacio-app\/\",\"name\":\"M\u00e9s informaci\u00f3 app - Tankuam\",\"isPartOf\":{\"@id\":\"https:\/\/tankuam.com\/#website\"},\"datePublished\":\"2021-10-06T14:33:06+00:00\",\"dateModified\":\"2024-08-22T06:43:29+00:00\",\"description\":\"Descobreix l'app que revolucionar\u00e0 el teu municipi Volem ajudar-te a comunicar i a millorar la gesti\u00f3 i el control de tots els espais del municipi. Per\",\"breadcrumb\":{\"@id\":\"https:\/\/tankuam.com\/places\/app-tankuam\/mes-informacio-app\/#breadcrumb\"},\"inLanguage\":\"es\",\"potentialAction\":[{\"@type\":\"ReadAction\",\"target\":[\"https:\/\/tankuam.com\/places\/app-tankuam\/mes-informacio-app\/\"]}]},{\"@type\":\"BreadcrumbList\",\"@id\":\"https:\/\/tankuam.com\/places\/app-tankuam\/mes-informacio-app\/#breadcrumb\",\"itemListElement\":[{\"@type\":\"ListItem\",\"position\":1,\"name\":\"Inici\",\"item\":\"https:\/\/tankuam.com\/\"},{\"@type\":\"ListItem\",\"position\":2,\"name\":\"Places\",\"item\":\"https:\/\/tankuam.com\/places\/\"},{\"@type\":\"ListItem\",\"position\":3,\"name\":\"APP Tankuam\",\"item\":\"https:\/\/tankuam.com\/places\/app-tankuam\/\"},{\"@type\":\"ListItem\",\"position\":4,\"name\":\"M\u00e9s informaci\u00f3 app\"}]},{\"@type\":\"WebSite\",\"@id\":\"https:\/\/tankuam.com\/#website\",\"url\":\"https:\/\/tankuam.com\/\",\"name\":\"Tankuam\",\"description\":\"Tota la gesti\u00f3 i el control en un \u00fanic espai\",\"publisher\":{\"@id\":\"https:\/\/tankuam.com\/#organization\"},\"potentialAction\":[{\"@type\":\"SearchAction\",\"target\":{\"@type\":\"EntryPoint\",\"urlTemplate\":\"https:\/\/tankuam.com\/?s={search_term_string}\"},\"query-input\":\"required name=search_term_string\"}],\"inLanguage\":\"es\"},{\"@type\":\"Organization\",\"@id\":\"https:\/\/tankuam.com\/#organization\",\"name\":\"Tankuam\",\"url\":\"https:\/\/tankuam.com\/\",\"logo\":{\"@type\":\"ImageObject\",\"inLanguage\":\"es\",\"@id\":\"https:\/\/tankuam.com\/#\/schema\/logo\/image\/\",\"url\":\"https:\/\/tankuam.com\/wp-content\/uploads\/2020\/07\/tankuamambmida.png\",\"contentUrl\":\"https:\/\/tankuam.com\/wp-content\/uploads\/2020\/07\/tankuamambmida.png\",\"width\":940,\"height\":200,\"caption\":\"Tankuam\"},\"image\":{\"@id\":\"https:\/\/tankuam.com\/#\/schema\/logo\/image\/\"}}]}<\/script>\n<!-- \/ Yoast SEO plugin. -->","yoast_head_json":{"title":"M\u00e1s informaci\u00f3n app - Tankuam","description":"Descubre la app que revolucionar\u00e1 tu municipio. Queremos ayudarte a comunicar y a mejorar la gesti\u00f3n y el control de todos los espacios del municipio. Para","robots":{"index":"index","follow":"follow","max-snippet":"max-snippet:-1","max-image-preview":"max-image-preview:large","max-video-preview":"max-video-preview:-1"},"canonical":"https:\/\/tankuam.com\/es\/places\/app-tankuam\/mes-informacio-app\/","og_locale":"es_ES","og_type":"article","og_title":"M\u00e9s informaci\u00f3 app - Tankuam","og_description":"Descobreix l'app que revolucionar\u00e0 el teu municipi Volem ajudar-te a comunicar i a millorar la gesti\u00f3 i el control de tots els espais del municipi. Per","og_url":"https:\/\/tankuam.com\/es\/places\/app-tankuam\/mes-informacio-app\/","og_site_name":"Tankuam","article_modified_time":"2024-08-22T06:43:29+00:00","og_image":[{"url":"https:\/\/tankuam.com\/wp-content\/uploads\/2024\/05\/inici_landing_copia-800x600-1.webp"}],"twitter_card":"summary_large_image","twitter_misc":{"Tiempo de lectura":"1 minuto"},"schema":{"@context":"https:\/\/schema.org","@graph":[{"@type":"WebPage","@id":"https:\/\/tankuam.com\/places\/app-tankuam\/mes-informacio-app\/","url":"https:\/\/tankuam.com\/places\/app-tankuam\/mes-informacio-app\/","name":"M\u00e1s informaci\u00f3n app - Tankuam","isPartOf":{"@id":"https:\/\/tankuam.com\/#website"},"datePublished":"2021-10-06T14:33:06+00:00","dateModified":"2024-08-22T06:43:29+00:00","description":"Descubre la app que revolucionar\u00e1 tu municipio. Queremos ayudarte a comunicar y a mejorar la gesti\u00f3n y el control de todos los espacios del municipio. Para","breadcrumb":{"@id":"https:\/\/tankuam.com\/places\/app-tankuam\/mes-informacio-app\/#breadcrumb"},"inLanguage":"es","potentialAction":[{"@type":"ReadAction","target":["https:\/\/tankuam.com\/places\/app-tankuam\/mes-informacio-app\/"]}]},{"@type":"BreadcrumbList","@id":"https:\/\/tankuam.com\/places\/app-tankuam\/mes-informacio-app\/#breadcrumb","itemListElement":[{"@type":"ListItem","position":1,"name":"Inici","item":"https:\/\/tankuam.com\/"},{"@type":"ListItem","position":2,"name":"Places","item":"https:\/\/tankuam.com\/places\/"},{"@type":"ListItem","position":3,"name":"APP Tankuam","item":"https:\/\/tankuam.com\/places\/app-tankuam\/"},{"@type":"ListItem","position":4,"name":"M\u00e9s informaci\u00f3 app"}]},{"@type":"WebSite","@id":"https:\/\/tankuam.com\/#website","url":"https:\/\/tankuam.com\/","name":"Tankuam","description":"Toda la gesti\u00f3n y el control en un \u00fanico espacio","publisher":{"@id":"https:\/\/tankuam.com\/#organization"},"potentialAction":[{"@type":"SearchAction","target":{"@type":"EntryPoint","urlTemplate":"https:\/\/tankuam.com\/?s={search_term_string}"},"query-input":"required name=search_term_string"}],"inLanguage":"es"},{"@type":"Organization","@id":"https:\/\/tankuam.com\/#organization","name":"Tankuam","url":"https:\/\/tankuam.com\/","logo":{"@type":"ImageObject","inLanguage":"es","@id":"https:\/\/tankuam.com\/#\/schema\/logo\/image\/","url":"https:\/\/tankuam.com\/wp-content\/uploads\/2020\/07\/tankuamambmida.png","contentUrl":"https:\/\/tankuam.com\/wp-content\/uploads\/2020\/07\/tankuamambmida.png","width":940,"height":200,"caption":"Tankuam"},"image":{"@id":"https:\/\/tankuam.com\/#\/schema\/logo\/image\/"}}]}},"_links":{"self":[{"href":"https:\/\/tankuam.com\/es\/wp-json\/wp\/v2\/pages\/18280"}],"collection":[{"href":"https:\/\/tankuam.com\/es\/wp-json\/wp\/v2\/pages"}],"about":[{"href":"https:\/\/tankuam.com\/es\/wp-json\/wp\/v2\/types\/page"}],"author":[{"embeddable":true,"href":"https:\/\/tankuam.com\/es\/wp-json\/wp\/v2\/users\/2"}],"replies":[{"embeddable":true,"href":"https:\/\/tankuam.com\/es\/wp-json\/wp\/v2\/comments?post=18280"}],"version-history":[{"count":59,"href":"https:\/\/tankuam.com\/es\/wp-json\/wp\/v2\/pages\/18280\/revisions"}],"predecessor-version":[{"id":23158,"href":"https:\/\/tankuam.com\/es\/wp-json\/wp\/v2\/pages\/18280\/revisions\/23158"}],"up":[{"embeddable":true,"href":"https:\/\/tankuam.com\/es\/wp-json\/wp\/v2\/pages\/18167"}],"wp:attachment":[{"href":"https:\/\/tankuam.com\/es\/wp-json\/wp\/v2\/media?parent=18280"}],"curies":[{"name":"wp","href":"https:\/\/api.w.org\/{rel}","templated":true}]}}