{"id":17509,"date":"2021-02-25T09:28:53","date_gmt":"2021-02-25T07:28:53","guid":{"rendered":"http:\/\/tankuam.com\/?page_id=17509"},"modified":"2024-09-09T11:08:47","modified_gmt":"2024-09-09T09:08:47","slug":"contacte","status":"publish","type":"page","link":"https:\/\/tankuam.com\/es\/contacto-2-2\/","title":{"rendered":"Contacto"},"content":{"rendered":"\t\t<div data-elementor-type=\"wp-page\" data-elementor-id=\"17509\" class=\"elementor elementor-17509\" data-elementor-post-type=\"page\">\n\t\t\t\t\t\t<div class=\"elementor-inner\">\n\t\t\t\t<div class=\"elementor-section-wrap\">\n\t\t\t\t\t\t\t\t\t<section class=\"elementor-section elementor-top-section elementor-element elementor-element-473c27fc elementor-reverse-tablet elementor-reverse-mobile elementor-section-boxed elementor-section-height-default elementor-section-height-default\" data-id=\"473c27fc\" data-element_type=\"section\" data-settings=\"{&quot;background_background&quot;:&quot;classic&quot;,&quot;jet_parallax_layout_list&quot;:[]}\">\n\t\t\t\t\t\t\t<div class=\"elementor-background-overlay\"><\/div>\n\t\t\t\t\t\t\t<div class=\"elementor-container elementor-column-gap-default\">\n\t\t\t\t\t\t\t<div class=\"elementor-row\">\n\t\t\t\t\t<div class=\"elementor-column elementor-col-50 elementor-top-column elementor-element elementor-element-6acaade\" data-id=\"6acaade\" data-element_type=\"column\" data-settings=\"{&quot;background_background&quot;:&quot;classic&quot;,&quot;motion_fx_motion_fx_scrolling&quot;:&quot;yes&quot;,&quot;motion_fx_translateY_effect&quot;:&quot;yes&quot;,&quot;motion_fx_translateY_direction&quot;:&quot;negative&quot;,&quot;motion_fx_translateY_speed&quot;:{&quot;unit&quot;:&quot;px&quot;,&quot;size&quot;:&quot;1&quot;,&quot;sizes&quot;:[]},&quot;motion_fx_devices&quot;:[&quot;desktop&quot;,&quot;tablet&quot;],&quot;motion_fx_translateY_affectedRange&quot;:{&quot;unit&quot;:&quot;%&quot;,&quot;size&quot;:&quot;&quot;,&quot;sizes&quot;:{&quot;start&quot;:0,&quot;end&quot;:100}}}\">\n\t\t\t<div class=\"elementor-column-wrap elementor-element-populated\">\n\t\t\t\t\t\t\t<div class=\"elementor-widget-wrap\">\n\t\t\t\t\t\t<div class=\"elementor-element elementor-element-379136e elementor-button-align-stretch elementor-widget elementor-widget-form\" data-id=\"379136e\" data-element_type=\"widget\" data-settings=\"{&quot;step_next_label&quot;:&quot;Next&quot;,&quot;step_previous_label&quot;:&quot;Previous&quot;,&quot;button_width&quot;:&quot;100&quot;,&quot;step_type&quot;:&quot;number_text&quot;,&quot;step_icon_shape&quot;:&quot;circle&quot;}\" data-widget_type=\"form.default\">\n\t\t\t\t<div class=\"elementor-widget-container\">\n\t\t\t\t\t<form class=\"elementor-form\" method=\"post\" name=\"Formulari general contacte\">\n\t\t\t<input type=\"hidden\" name=\"post_id\" value=\"17509\"\/>\n\t\t\t<input type=\"hidden\" name=\"form_id\" value=\"379136e\"\/>\n\t\t\t<input type=\"hidden\" name=\"referer_title\" value=\"Tankuam\" \/>\n\n\t\t\t\n\t\t\t<div class=\"elementor-form-fields-wrapper elementor-labels-above\">\n\t\t\t\t\t\t\t\t<div class=\"elementor-field-type-text elementor-field-group elementor-column elementor-field-group-name elementor-col-100\">\n\t\t\t\t\t\t\t\t\t\t\t\t<label for=\"form-field-name\" class=\"elementor-field-label\">\n\t\t\t\t\t\t\t\tNom\t\t\t\t\t\t\t<\/label>\n\t\t\t\t\t\t\t\t\t\t\t\t\t\t<input size=\"1\" type=\"text\" name=\"form_fields[name]\" id=\"form-field-name\" class=\"elementor-field elementor-size-xs  elementor-field-textual\" placeholder=\"Nom\">\n\t\t\t\t\t\t\t\t\t\t\t<\/div>\n\t\t\t\t\t\t\t\t<div class=\"elementor-field-type-email elementor-field-group elementor-column elementor-field-group-email elementor-col-100 elementor-field-required elementor-mark-required\">\n\t\t\t\t\t\t\t\t\t\t\t\t<label for=\"form-field-email\" class=\"elementor-field-label\">\n\t\t\t\t\t\t\t\tCorreu electr\u00f2nic\t\t\t\t\t\t\t<\/label>\n\t\t\t\t\t\t\t\t\t\t\t\t\t\t<input size=\"1\" type=\"email\" name=\"form_fields[email]\" id=\"form-field-email\" class=\"elementor-field elementor-size-xs  elementor-field-textual\" placeholder=\"Correu electr\u00f2nic\" required=\"required\" aria-required=\"true\">\n\t\t\t\t\t\t\t\t\t\t\t<\/div>\n\t\t\t\t\t\t\t\t<div class=\"elementor-field-type-text elementor-field-group elementor-column elementor-field-group-field_51b48dc elementor-col-100\">\n\t\t\t\t\t\t\t\t\t\t\t\t<label for=\"form-field-field_51b48dc\" class=\"elementor-field-label\">\n\t\t\t\t\t\t\t\tTel\u00e8fon\t\t\t\t\t\t\t<\/label>\n\t\t\t\t\t\t\t\t\t\t\t\t\t\t<input size=\"1\" type=\"text\" name=\"form_fields[field_51b48dc]\" id=\"form-field-field_51b48dc\" class=\"elementor-field elementor-size-xs  elementor-field-textual\">\n\t\t\t\t\t\t\t\t\t\t\t<\/div>\n\t\t\t\t\t\t\t\t<div class=\"elementor-field-type-textarea elementor-field-group elementor-column elementor-field-group-message elementor-col-100\">\n\t\t\t\t\t\t\t\t\t\t\t\t<label for=\"form-field-message\" class=\"elementor-field-label\">\n\t\t\t\t\t\t\t\tEn qu\u00e8 et podem ajudar?\t\t\t\t\t\t\t<\/label>\n\t\t\t\t\t\t<textarea class=\"elementor-field-textual elementor-field  elementor-size-xs\" name=\"form_fields[message]\" id=\"form-field-message\" rows=\"4\" placeholder=\"Missatge \"><\/textarea>\t\t\t\t<\/div>\n\t\t\t\t\t\t\t\t<div class=\"elementor-field-type-recaptcha_v3 elementor-field-group elementor-column elementor-field-group-field_c4b14c7 elementor-col-100 recaptcha_v3-bottomright\">\n\t\t\t\t\t<div class=\"elementor-field\" id=\"form-field-field_c4b14c7\"><div class=\"elementor-g-recaptcha\" data-sitekey=\"6LeoT8YbAAAAAPNL6XiJBV_FWni2s6kIuQ6LH1d9\" data-type=\"v3\" data-action=\"Form\" data-badge=\"bottomright\" data-size=\"invisible\"><\/div><\/div>\t\t\t\t<\/div>\n\t\t\t\t\t\t\t\t<div class=\"elementor-field-group elementor-column elementor-field-type-submit elementor-col-100 e-form__buttons\">\n\t\t\t\t\t<button type=\"submit\" class=\"elementor-button elementor-size-sm\">\n\t\t\t\t\t\t<span >\n\t\t\t\t\t\t\t\t\t\t\t\t\t\t\t<span class=\" elementor-button-icon\">\n\t\t\t\t\t\t\t\t\t\t\t\t\t\t\t\t\t\t\t\t\t\t\t\t\t\t<\/span>\n\t\t\t\t\t\t\t\t\t\t\t\t\t\t\t\t\t\t\t\t\t\t<span class=\"elementor-button-text\">Enviar<\/span>\n\t\t\t\t\t\t\t\t\t\t\t\t\t<\/span>\n\t\t\t\t\t<\/button>\n\t\t\t\t<\/div>\n\t\t\t<\/div>\n\t\t<\/form>\n\t\t\t\t<\/div>\n\t\t\t\t<\/div>\n\t\t\t\t\t\t<\/div>\n\t\t\t\t\t<\/div>\n\t\t<\/div>\n\t\t\t\t<div class=\"elementor-column elementor-col-50 elementor-top-column elementor-element elementor-element-29bfd01c\" data-id=\"29bfd01c\" data-element_type=\"column\">\n\t\t\t<div class=\"elementor-column-wrap elementor-element-populated\">\n\t\t\t\t\t\t\t<div class=\"elementor-widget-wrap\">\n\t\t\t\t\t\t<div class=\"elementor-element elementor-element-14ba479e elementor-widget elementor-widget-heading\" data-id=\"14ba479e\" data-element_type=\"widget\" data-widget_type=\"heading.default\">\n\t\t\t\t<div class=\"elementor-widget-container\">\n\t\t\t<h3 class=\"elementor-heading-title elementor-size-default\">Truca'ns, escriu-nos, o toca a la nostra porta\ud83d\ude03<\/h3>\t\t<\/div>\n\t\t\t\t<\/div>\n\t\t\t\t<div class=\"elementor-element elementor-element-125a91ab elementor-widget elementor-widget-heading\" data-id=\"125a91ab\" data-element_type=\"widget\" data-widget_type=\"heading.default\">\n\t\t\t\t<div class=\"elementor-widget-container\">\n\t\t\t<h2 class=\"elementor-heading-title elementor-size-default\">Estarem encantats d'ajudar-te en tot all\u00f2 que estigui a les nostres mans.<\/h2>\t\t<\/div>\n\t\t\t\t<\/div>\n\t\t\t\t\t\t<\/div>\n\t\t\t\t\t<\/div>\n\t\t<\/div>\n\t\t\t\t\t\t\t\t<\/div>\n\t\t\t\t\t<\/div>\n\t\t<\/section>\n\t\t\t\t<section class=\"elementor-section elementor-top-section elementor-element elementor-element-2b9a90d6 elementor-section-boxed elementor-section-height-default elementor-section-height-default\" data-id=\"2b9a90d6\" data-element_type=\"section\" data-settings=\"{&quot;background_background&quot;:&quot;classic&quot;,&quot;jet_parallax_layout_list&quot;:[]}\">\n\t\t\t\t\t\t\t<div class=\"elementor-background-overlay\"><\/div>\n\t\t\t\t\t\t\t<div class=\"elementor-container elementor-column-gap-default\">\n\t\t\t\t\t\t\t<div class=\"elementor-row\">\n\t\t\t\t\t<div class=\"elementor-column elementor-col-100 elementor-top-column elementor-element elementor-element-11d7bcec\" data-id=\"11d7bcec\" data-element_type=\"column\">\n\t\t\t<div class=\"elementor-column-wrap elementor-element-populated\">\n\t\t\t\t\t\t\t<div class=\"elementor-widget-wrap\">\n\t\t\t\t\t\t<div class=\"elementor-element elementor-element-554977ab elementor-widget elementor-widget-heading\" data-id=\"554977ab\" data-element_type=\"widget\" data-settings=\"{&quot;motion_fx_motion_fx_scrolling&quot;:&quot;yes&quot;,&quot;motion_fx_translateY_effect&quot;:&quot;yes&quot;,&quot;motion_fx_translateY_speed&quot;:{&quot;unit&quot;:&quot;px&quot;,&quot;size&quot;:&quot;0.5&quot;,&quot;sizes&quot;:[]},&quot;motion_fx_translateY_affectedRange&quot;:{&quot;unit&quot;:&quot;%&quot;,&quot;size&quot;:&quot;&quot;,&quot;sizes&quot;:{&quot;start&quot;:&quot;0&quot;,&quot;end&quot;:&quot;50&quot;}},&quot;motion_fx_opacity_effect&quot;:&quot;yes&quot;,&quot;motion_fx_opacity_range&quot;:{&quot;unit&quot;:&quot;%&quot;,&quot;size&quot;:&quot;&quot;,&quot;sizes&quot;:{&quot;start&quot;:&quot;0&quot;,&quot;end&quot;:&quot;50&quot;}},&quot;motion_fx_opacity_direction&quot;:&quot;out-in&quot;,&quot;motion_fx_opacity_level&quot;:{&quot;unit&quot;:&quot;px&quot;,&quot;size&quot;:10,&quot;sizes&quot;:[]},&quot;motion_fx_devices&quot;:[&quot;desktop&quot;,&quot;tablet&quot;,&quot;mobile&quot;]}\" data-widget_type=\"heading.default\">\n\t\t\t\t<div class=\"elementor-widget-container\">\n\t\t\t<h4 class=\"elementor-heading-title elementor-size-default\">Qu\u00e8 et sembla si parlem?<\/h4>\t\t<\/div>\n\t\t\t\t<\/div>\n\t\t\t\t<div class=\"elementor-element elementor-element-42bcb8f7 elementor-widget elementor-widget-heading\" data-id=\"42bcb8f7\" data-element_type=\"widget\" data-widget_type=\"heading.default\">\n\t\t\t\t<div class=\"elementor-widget-container\">\n\t\t\t<h2 class=\"elementor-heading-title elementor-size-default\">Nosaltres posem el caf\u00e9 \u2615\ufe0f <\/h2>\t\t<\/div>\n\t\t\t\t<\/div>\n\t\t\t\t<section class=\"elementor-section elementor-inner-section elementor-element elementor-element-76ae94df elementor-section-boxed elementor-section-height-default elementor-section-height-default\" data-id=\"76ae94df\" data-element_type=\"section\" data-settings=\"{&quot;motion_fx_motion_fx_scrolling&quot;:&quot;yes&quot;,&quot;motion_fx_translateY_effect&quot;:&quot;yes&quot;,&quot;motion_fx_translateY_speed&quot;:{&quot;unit&quot;:&quot;px&quot;,&quot;size&quot;:&quot;1&quot;,&quot;sizes&quot;:[]},&quot;motion_fx_translateY_affectedRange&quot;:{&quot;unit&quot;:&quot;%&quot;,&quot;size&quot;:&quot;&quot;,&quot;sizes&quot;:{&quot;start&quot;:&quot;0&quot;,&quot;end&quot;:&quot;50&quot;}},&quot;motion_fx_opacity_effect&quot;:&quot;yes&quot;,&quot;motion_fx_opacity_range&quot;:{&quot;unit&quot;:&quot;%&quot;,&quot;size&quot;:&quot;&quot;,&quot;sizes&quot;:{&quot;start&quot;:&quot;0&quot;,&quot;end&quot;:&quot;50&quot;}},&quot;motion_fx_devices&quot;:[&quot;desktop&quot;,&quot;tablet&quot;],&quot;jet_parallax_layout_list&quot;:[],&quot;motion_fx_opacity_direction&quot;:&quot;out-in&quot;,&quot;motion_fx_opacity_level&quot;:{&quot;unit&quot;:&quot;px&quot;,&quot;size&quot;:10,&quot;sizes&quot;:[]}}\">\n\t\t\t\t\t\t<div class=\"elementor-container elementor-column-gap-default\">\n\t\t\t\t\t\t\t<div class=\"elementor-row\">\n\t\t\t\t\t<div class=\"elementor-column elementor-col-33 elementor-inner-column elementor-element elementor-element-2320de95\" data-id=\"2320de95\" data-element_type=\"column\" data-settings=\"{&quot;background_background&quot;:&quot;classic&quot;}\">\n\t\t\t<div class=\"elementor-column-wrap elementor-element-populated\">\n\t\t\t\t\t\t\t<div class=\"elementor-widget-wrap\">\n\t\t\t\t\t\t<div class=\"elementor-element elementor-element-789e9a1d elementor-position-top elementor-widget elementor-widget-image-box\" data-id=\"789e9a1d\" data-element_type=\"widget\" data-widget_type=\"image-box.default\">\n\t\t\t\t<div class=\"elementor-widget-container\">\n\t\t\t<div class=\"elementor-image-box-wrapper\"><figure class=\"elementor-image-box-img\"><img fetchpriority=\"high\" decoding=\"async\" width=\"500\" height=\"434\" src=\"https:\/\/tankuam.com\/wp-content\/uploads\/2021\/02\/Phoneicon.png\" class=\"attachment-full size-full wp-image-17513\" alt=\"\" srcset=\"https:\/\/tankuam.com\/wp-content\/uploads\/2021\/02\/Phoneicon.png 500w, https:\/\/tankuam.com\/wp-content\/uploads\/2021\/02\/Phoneicon-300x260.png 300w\" sizes=\"(max-width: 500px) 100vw, 500px\" \/><\/figure><div class=\"elementor-image-box-content\"><h3 class=\"elementor-image-box-title\">Truca'ns<\/h3><p class=\"elementor-image-box-description\">93 135 46 46<\/p><\/div><\/div>\t\t<\/div>\n\t\t\t\t<\/div>\n\t\t\t\t\t\t<\/div>\n\t\t\t\t\t<\/div>\n\t\t<\/div>\n\t\t\t\t<div class=\"elementor-column elementor-col-33 elementor-inner-column elementor-element elementor-element-531a2a5a\" data-id=\"531a2a5a\" data-element_type=\"column\" data-settings=\"{&quot;background_background&quot;:&quot;classic&quot;}\">\n\t\t\t<div class=\"elementor-column-wrap elementor-element-populated\">\n\t\t\t\t\t\t\t<div class=\"elementor-widget-wrap\">\n\t\t\t\t\t\t<div class=\"elementor-element elementor-element-40ed5d46 elementor-position-top elementor-widget elementor-widget-image-box\" data-id=\"40ed5d46\" data-element_type=\"widget\" data-widget_type=\"image-box.default\">\n\t\t\t\t<div class=\"elementor-widget-container\">\n\t\t\t<div class=\"elementor-image-box-wrapper\"><figure class=\"elementor-image-box-img\"><img decoding=\"async\" width=\"500\" height=\"440\" src=\"https:\/\/tankuam.com\/wp-content\/uploads\/2021\/02\/Location-Icon.png\" class=\"attachment-full size-full wp-image-17514\" alt=\"\" srcset=\"https:\/\/tankuam.com\/wp-content\/uploads\/2021\/02\/Location-Icon.png 500w, https:\/\/tankuam.com\/wp-content\/uploads\/2021\/02\/Location-Icon-300x264.png 300w\" sizes=\"(max-width: 500px) 100vw, 500px\" \/><\/figure><div class=\"elementor-image-box-content\"><h3 class=\"elementor-image-box-title\">Vine a veure'ns<\/h3><p class=\"elementor-image-box-description\">Carrer d'At\u00f3 Bisbe n\u00ba 4<\/p><\/div><\/div>\t\t<\/div>\n\t\t\t\t<\/div>\n\t\t\t\t\t\t<\/div>\n\t\t\t\t\t<\/div>\n\t\t<\/div>\n\t\t\t\t<div class=\"elementor-column elementor-col-33 elementor-inner-column elementor-element elementor-element-4d891348\" data-id=\"4d891348\" data-element_type=\"column\" data-settings=\"{&quot;background_background&quot;:&quot;classic&quot;}\">\n\t\t\t<div class=\"elementor-column-wrap elementor-element-populated\">\n\t\t\t\t\t\t\t<div class=\"elementor-widget-wrap\">\n\t\t\t\t\t\t<div class=\"elementor-element elementor-element-3e4c8a2d elementor-position-top elementor-widget elementor-widget-image-box\" data-id=\"3e4c8a2d\" data-element_type=\"widget\" data-widget_type=\"image-box.default\">\n\t\t\t\t<div class=\"elementor-widget-container\">\n\t\t\t<div class=\"elementor-image-box-wrapper\"><figure class=\"elementor-image-box-img\"><img decoding=\"async\" width=\"500\" height=\"440\" src=\"https:\/\/tankuam.com\/wp-content\/uploads\/2021\/02\/Mail-icon.png\" class=\"attachment-full size-full wp-image-17515\" alt=\"\" srcset=\"https:\/\/tankuam.com\/wp-content\/uploads\/2021\/02\/Mail-icon.png 500w, https:\/\/tankuam.com\/wp-content\/uploads\/2021\/02\/Mail-icon-300x264.png 300w\" sizes=\"(max-width: 500px) 100vw, 500px\" \/><\/figure><div class=\"elementor-image-box-content\"><h3 class=\"elementor-image-box-title\">Envia'ns un missatge<\/h3><p class=\"elementor-image-box-description\">info@kompini.com\u200b\u200b<\/p><\/div><\/div>\t\t<\/div>\n\t\t\t\t<\/div>\n\t\t\t\t\t\t<\/div>\n\t\t\t\t\t<\/div>\n\t\t<\/div>\n\t\t\t\t\t\t\t\t<\/div>\n\t\t\t\t\t<\/div>\n\t\t<\/section>\n\t\t\t\t\t\t<\/div>\n\t\t\t\t\t<\/div>\n\t\t<\/div>\n\t\t\t\t\t\t\t\t<\/div>\n\t\t\t\t\t<\/div>\n\t\t<\/section>\n\t\t\t\t\t\t\t\t\t<\/div>\n\t\t\t<\/div>\n\t\t\t\t\t<\/div>\n\t\t","protected":false},"excerpt":{"rendered":"<p>Truca&#8217;ns, escriu-nos, o toca a la nostra porta\ud83d\ude03 Estarem encantats d&#8217;ajudar-te en tot all\u00f2 que estigui a les nostres mans. Qu\u00e8 et sembla si parlem? Nosaltres posem el caf\u00e9 \u2615\ufe0f Truca&#8217;ns 93 135 46 46 Vine a veure&#8217;ns Carrer d&#8217;At\u00f3 Bisbe n\u00ba 4 Envia&#8217;ns un missatge info@kompini.com\u200b\u200b<\/p>","protected":false},"author":2,"featured_media":0,"parent":0,"menu_order":0,"comment_status":"closed","ping_status":"closed","template":"","meta":{"footnotes":""},"yoast_head":"<!-- This site is optimized with the Yoast SEO plugin v21.8 - https:\/\/yoast.com\/wordpress\/plugins\/seo\/ -->\n<title>Contacte - Tankuam<\/title>\n<meta name=\"description\" content=\"Truca&#039;ns, escriu-nos, o toca a la nostra porta\ud83d\ude03 Estarem encantats d&#039;ajudar-te en tot all\u00f2 que estigui a les nostres mans. Qu\u00e8 et sembla si parlem?\" \/>\n<meta name=\"robots\" content=\"index, follow, max-snippet:-1, max-image-preview:large, max-video-preview:-1\" \/>\n<link rel=\"canonical\" href=\"https:\/\/tankuam.com\/es\/contacto-2-2\/\" \/>\n<meta property=\"og:locale\" content=\"es_ES\" \/>\n<meta property=\"og:type\" content=\"article\" \/>\n<meta property=\"og:title\" content=\"Contacte - Tankuam\" \/>\n<meta property=\"og:description\" content=\"Truca&#039;ns, escriu-nos, o toca a la nostra porta\ud83d\ude03 Estarem encantats d&#039;ajudar-te en tot all\u00f2 que estigui a les nostres mans. Qu\u00e8 et sembla si parlem?\" \/>\n<meta property=\"og:url\" content=\"https:\/\/tankuam.com\/es\/contacto-2-2\/\" \/>\n<meta property=\"og:site_name\" content=\"Tankuam\" \/>\n<meta property=\"article:modified_time\" content=\"2024-09-09T09:08:47+00:00\" \/>\n<meta property=\"og:image\" content=\"https:\/\/tankuam.com\/wp-content\/uploads\/2021\/02\/Phoneicon.png\" \/>\n<meta name=\"twitter:card\" content=\"summary_large_image\" \/>\n<meta name=\"twitter:label1\" content=\"Tiempo de lectura\" \/>\n\t<meta name=\"twitter:data1\" content=\"1 minuto\" \/>\n<script type=\"application\/ld+json\" class=\"yoast-schema-graph\">{\"@context\":\"https:\/\/schema.org\",\"@graph\":[{\"@type\":\"WebPage\",\"@id\":\"https:\/\/tankuam.com\/contacte\/\",\"url\":\"https:\/\/tankuam.com\/contacte\/\",\"name\":\"Contacte - Tankuam\",\"isPartOf\":{\"@id\":\"https:\/\/tankuam.com\/#website\"},\"datePublished\":\"2021-02-25T07:28:53+00:00\",\"dateModified\":\"2024-09-09T09:08:47+00:00\",\"description\":\"Truca'ns, escriu-nos, o toca a la nostra porta\ud83d\ude03 Estarem encantats d'ajudar-te en tot all\u00f2 que estigui a les nostres mans. Qu\u00e8 et sembla si parlem?\",\"breadcrumb\":{\"@id\":\"https:\/\/tankuam.com\/contacte\/#breadcrumb\"},\"inLanguage\":\"es\",\"potentialAction\":[{\"@type\":\"ReadAction\",\"target\":[\"https:\/\/tankuam.com\/contacte\/\"]}]},{\"@type\":\"BreadcrumbList\",\"@id\":\"https:\/\/tankuam.com\/contacte\/#breadcrumb\",\"itemListElement\":[{\"@type\":\"ListItem\",\"position\":1,\"name\":\"Inici\",\"item\":\"https:\/\/tankuam.com\/\"},{\"@type\":\"ListItem\",\"position\":2,\"name\":\"Contacte\"}]},{\"@type\":\"WebSite\",\"@id\":\"https:\/\/tankuam.com\/#website\",\"url\":\"https:\/\/tankuam.com\/\",\"name\":\"Tankuam\",\"description\":\"Tota la gesti\u00f3 i el control en un \u00fanic espai\",\"publisher\":{\"@id\":\"https:\/\/tankuam.com\/#organization\"},\"potentialAction\":[{\"@type\":\"SearchAction\",\"target\":{\"@type\":\"EntryPoint\",\"urlTemplate\":\"https:\/\/tankuam.com\/?s={search_term_string}\"},\"query-input\":\"required name=search_term_string\"}],\"inLanguage\":\"es\"},{\"@type\":\"Organization\",\"@id\":\"https:\/\/tankuam.com\/#organization\",\"name\":\"Tankuam\",\"url\":\"https:\/\/tankuam.com\/\",\"logo\":{\"@type\":\"ImageObject\",\"inLanguage\":\"es\",\"@id\":\"https:\/\/tankuam.com\/#\/schema\/logo\/image\/\",\"url\":\"https:\/\/tankuam.com\/wp-content\/uploads\/2020\/07\/tankuamambmida.png\",\"contentUrl\":\"https:\/\/tankuam.com\/wp-content\/uploads\/2020\/07\/tankuamambmida.png\",\"width\":940,\"height\":200,\"caption\":\"Tankuam\"},\"image\":{\"@id\":\"https:\/\/tankuam.com\/#\/schema\/logo\/image\/\"}}]}<\/script>\n<!-- \/ Yoast SEO plugin. -->","yoast_head_json":{"title":"Contacto - Tankuam","description":"Ll\u00e1manos, escr\u00edbenos o toca nuestra puerta \ud83d\ude03 Estaremos encantados de ayudarte en todo aquello que est\u00e9 en nuestras manos. \u00bfQu\u00e9 te parece si hablamos?","robots":{"index":"index","follow":"follow","max-snippet":"max-snippet:-1","max-image-preview":"max-image-preview:large","max-video-preview":"max-video-preview:-1"},"canonical":"https:\/\/tankuam.com\/es\/contacto-2-2\/","og_locale":"es_ES","og_type":"article","og_title":"Contacte - Tankuam","og_description":"Truca'ns, escriu-nos, o toca a la nostra porta\ud83d\ude03 Estarem encantats d'ajudar-te en tot all\u00f2 que estigui a les nostres mans. Qu\u00e8 et sembla si parlem?","og_url":"https:\/\/tankuam.com\/es\/contacto-2-2\/","og_site_name":"Tankuam","article_modified_time":"2024-09-09T09:08:47+00:00","og_image":[{"url":"https:\/\/tankuam.com\/wp-content\/uploads\/2021\/02\/Phoneicon.png"}],"twitter_card":"summary_large_image","twitter_misc":{"Tiempo de lectura":"1 minuto"},"schema":{"@context":"https:\/\/schema.org","@graph":[{"@type":"WebPage","@id":"https:\/\/tankuam.com\/contacte\/","url":"https:\/\/tankuam.com\/contacte\/","name":"Contacto - Tankuam","isPartOf":{"@id":"https:\/\/tankuam.com\/#website"},"datePublished":"2021-02-25T07:28:53+00:00","dateModified":"2024-09-09T09:08:47+00:00","description":"Ll\u00e1manos, escr\u00edbenos o toca nuestra puerta \ud83d\ude03 Estaremos encantados de ayudarte en todo aquello que est\u00e9 en nuestras manos. \u00bfQu\u00e9 te parece si hablamos?","breadcrumb":{"@id":"https:\/\/tankuam.com\/contacte\/#breadcrumb"},"inLanguage":"es","potentialAction":[{"@type":"ReadAction","target":["https:\/\/tankuam.com\/contacte\/"]}]},{"@type":"BreadcrumbList","@id":"https:\/\/tankuam.com\/contacte\/#breadcrumb","itemListElement":[{"@type":"ListItem","position":1,"name":"Inici","item":"https:\/\/tankuam.com\/"},{"@type":"ListItem","position":2,"name":"Contacte"}]},{"@type":"WebSite","@id":"https:\/\/tankuam.com\/#website","url":"https:\/\/tankuam.com\/","name":"Tankuam","description":"Toda la gesti\u00f3n y el control en un \u00fanico espacio","publisher":{"@id":"https:\/\/tankuam.com\/#organization"},"potentialAction":[{"@type":"SearchAction","target":{"@type":"EntryPoint","urlTemplate":"https:\/\/tankuam.com\/?s={search_term_string}"},"query-input":"required name=search_term_string"}],"inLanguage":"es"},{"@type":"Organization","@id":"https:\/\/tankuam.com\/#organization","name":"Tankuam","url":"https:\/\/tankuam.com\/","logo":{"@type":"ImageObject","inLanguage":"es","@id":"https:\/\/tankuam.com\/#\/schema\/logo\/image\/","url":"https:\/\/tankuam.com\/wp-content\/uploads\/2020\/07\/tankuamambmida.png","contentUrl":"https:\/\/tankuam.com\/wp-content\/uploads\/2020\/07\/tankuamambmida.png","width":940,"height":200,"caption":"Tankuam"},"image":{"@id":"https:\/\/tankuam.com\/#\/schema\/logo\/image\/"}}]}},"_links":{"self":[{"href":"https:\/\/tankuam.com\/es\/wp-json\/wp\/v2\/pages\/17509"}],"collection":[{"href":"https:\/\/tankuam.com\/es\/wp-json\/wp\/v2\/pages"}],"about":[{"href":"https:\/\/tankuam.com\/es\/wp-json\/wp\/v2\/types\/page"}],"author":[{"embeddable":true,"href":"https:\/\/tankuam.com\/es\/wp-json\/wp\/v2\/users\/2"}],"replies":[{"embeddable":true,"href":"https:\/\/tankuam.com\/es\/wp-json\/wp\/v2\/comments?post=17509"}],"version-history":[{"count":50,"href":"https:\/\/tankuam.com\/es\/wp-json\/wp\/v2\/pages\/17509\/revisions"}],"predecessor-version":[{"id":23233,"href":"https:\/\/tankuam.com\/es\/wp-json\/wp\/v2\/pages\/17509\/revisions\/23233"}],"wp:attachment":[{"href":"https:\/\/tankuam.com\/es\/wp-json\/wp\/v2\/media?parent=17509"}],"curies":[{"name":"wp","href":"https:\/\/api.w.org\/{rel}","templated":true}]}}