{"id":17051,"date":"2021-01-25T13:01:13","date_gmt":"2021-01-25T11:01:13","guid":{"rendered":"http:\/\/tankuam.com\/?page_id=17051"},"modified":"2021-01-25T13:29:38","modified_gmt":"2021-01-25T11:29:38","slug":"formularipolitica","status":"publish","type":"page","link":"https:\/\/tankuam.com\/es\/formularipolitica\/","title":{"rendered":"Formulari: Consentiment per al tractament de dades personals"},"content":{"rendered":"<div data-elementor-type=\"wp-page\" data-elementor-id=\"17051\" class=\"elementor elementor-17051\" data-elementor-post-type=\"page\">\n\t\t\t\t\t\t<div class=\"elementor-inner\">\n\t\t\t\t<div class=\"elementor-section-wrap\">\n\t\t\t\t\t\t\t\t\t<section class=\"elementor-section elementor-top-section elementor-element elementor-element-d292462 elementor-section-boxed elementor-section-height-default elementor-section-height-default\" data-id=\"d292462\" data-element_type=\"section\" data-settings=\"{&quot;jet_parallax_layout_list&quot;:[]}\">\n\t\t\t\t\t\t<div class=\"elementor-container elementor-column-gap-default\">\n\t\t\t\t\t\t\t<div class=\"elementor-row\">\n\t\t\t\t\t<div class=\"elementor-column elementor-col-100 elementor-top-column elementor-element elementor-element-b741284\" data-id=\"b741284\" data-element_type=\"column\">\n\t\t\t<div class=\"elementor-column-wrap\">\n\t\t\t\t\t\t\t<div class=\"elementor-widget-wrap\">\n\t\t\t\t\t\t\t\t<\/div>\n\t\t\t\t\t<\/div>\n\t\t<\/div>\n\t\t\t\t\t\t\t\t<\/div>\n\t\t\t\t\t<\/div>\n\t\t<\/section>\n\t\t\t\t<section class=\"elementor-section elementor-top-section elementor-element elementor-element-2c3ed670 elementor-section-boxed elementor-section-height-default elementor-section-height-default\" data-id=\"2c3ed670\" data-element_type=\"section\" data-settings=\"{&quot;jet_parallax_layout_list&quot;:[]}\">\n\t\t\t\t\t\t<div class=\"elementor-container elementor-column-gap-default\">\n\t\t\t\t\t\t\t<div class=\"elementor-row\">\n\t\t\t\t\t<div class=\"elementor-column elementor-col-100 elementor-top-column elementor-element elementor-element-390a6678\" data-id=\"390a6678\" data-element_type=\"column\">\n\t\t\t<div class=\"elementor-column-wrap elementor-element-populated\">\n\t\t\t\t\t\t\t<div class=\"elementor-widget-wrap\">\n\t\t\t\t\t\t<div class=\"elementor-element elementor-element-3683a7b9 elementor-widget elementor-widget-heading\" data-id=\"3683a7b9\" data-element_type=\"widget\" data-widget_type=\"heading.default\">\n\t\t\t\t<div class=\"elementor-widget-container\">\n\t\t\t<h2 class=\"elementor-heading-title elementor-size-default\">CONSENTIMENT PER AL TRACTAMENT DE DADES PERSONALS<\/h2>\t\t<\/div>\n\t\t\t\t<\/div>\n\t\t\t\t<div class=\"elementor-element elementor-element-39890c61 elementor-widget elementor-widget-heading\" data-id=\"39890c61\" data-element_type=\"widget\" data-widget_type=\"heading.default\">\n\t\t\t\t<div class=\"elementor-widget-container\">\n\t\t\t<h3 class=\"elementor-heading-title elementor-size-default\">\u00bfQui\u00e9n es el responsable del tratamiento de tus datos personales?<\/h3>\t\t<\/div>\n\t\t\t\t<\/div>\n\t\t\t\t<div class=\"elementor-element elementor-element-641449e7 elementor-widget elementor-widget-text-editor\" data-id=\"641449e7\" data-element_type=\"widget\" data-widget_type=\"text-editor.default\">\n\t\t\t\t<div class=\"elementor-widget-container\">\n\t\t\t\t\t\t\t\t<div class=\"elementor-text-editor elementor-clearfix\">\n\t\t\t\t<p class=\"p1\">KOMPINI TECHNOLOGIES SL \u00e9s el Responsable del tractament de les dades personals de l\u2019Usuari i l\u2019informa que aquestes dades es tractaran de conformitat amb el que estableix el Reglament (UE) 2016\/679, de 27 d\u2019abril (GDPR), i la Llei Org\u00e0nica 3\/2018, de 5 de desembre (LOPDGDD), per la qual cosa se li facilita la segu\u0308ent informaci\u00f3 del tractament:<\/p>\t\t\t\t\t<\/div>\n\t\t\t\t\t\t<\/div>\n\t\t\t\t<\/div>\n\t\t\t\t<div class=\"elementor-element elementor-element-5ca310ad elementor-widget elementor-widget-text-editor\" data-id=\"5ca310ad\" data-element_type=\"widget\" data-widget_type=\"text-editor.default\">\n\t\t\t\t<div class=\"elementor-widget-container\">\n\t\t\t\t\t\t\t\t<div class=\"elementor-text-editor elementor-clearfix\">\n\t\t\t\t<p class=\"p1\"><strong>Finalitats i legitimaci\u00f3 del tractament:<\/strong> mantenir una relaci\u00f3 comercial (per inter\u00e8s leg\u00edtim del responsable, art. 6.1.f GDPR) i enviar comunicacions de productes o serveis (amb el consentiment de l\u2019interessat, art. 6.1.a GDPR).<\/p>\t\t\t\t\t<\/div>\n\t\t\t\t\t\t<\/div>\n\t\t\t\t<\/div>\n\t\t\t\t<div class=\"elementor-element elementor-element-4be161ca elementor-widget elementor-widget-text-editor\" data-id=\"4be161ca\" data-element_type=\"widget\" data-widget_type=\"text-editor.default\">\n\t\t\t\t<div class=\"elementor-widget-container\">\n\t\t\t\t\t\t\t\t<div class=\"elementor-text-editor elementor-clearfix\">\n\t\t\t\t<p class=\"p1\"><strong>Criteris de conservaci\u00f3 de les dades:<\/strong> es conservaran durant no m\u00e9s temps del necessari per mantenir la finalitat del tractament o mentre hi hagi prescripcions legals que en dictaminin la cust\u00f2dia i quan ja no sigui necessari per a aix\u00f2, se suprimiran amb mesures de seguretat adequades per garantir l\u2019anonimitzaci\u00f3 de les dades o la seva destrucci\u00f3 total.<\/p>\t\t\t\t\t<\/div>\n\t\t\t\t\t\t<\/div>\n\t\t\t\t<\/div>\n\t\t\t\t<div class=\"elementor-element elementor-element-5a99a1c6 elementor-widget elementor-widget-text-editor\" data-id=\"5a99a1c6\" data-element_type=\"widget\" data-widget_type=\"text-editor.default\">\n\t\t\t\t<div class=\"elementor-widget-container\">\n\t\t\t\t\t\t\t\t<div class=\"elementor-text-editor elementor-clearfix\">\n\t\t\t\t<p><strong>Comunicaci\u00f3 de les dades:<\/strong> no es comunicaran les dades a tercers, tret que sigui obligaci\u00f3 legal.<\/p>\t\t\t\t\t<\/div>\n\t\t\t\t\t\t<\/div>\n\t\t\t\t<\/div>\n\t\t\t\t<div class=\"elementor-element elementor-element-4ba9e0f elementor-widget elementor-widget-text-editor\" data-id=\"4ba9e0f\" data-element_type=\"widget\" data-widget_type=\"text-editor.default\">\n\t\t\t\t<div class=\"elementor-widget-container\">\n\t\t\t\t\t\t\t\t<div class=\"elementor-text-editor elementor-clearfix\">\n\t\t\t\t<p class=\"p1\"><strong>Drets que t\u00e9 l\u2019Usuari:<\/strong><\/p><p class=\"p1\">&#8211; Dret a retirar el consentiment en qualsevol moment.<\/p><p class=\"p1\">Dret d\u2019acc\u00e9s, rectificaci\u00f3, portabilitat i supressi\u00f3 de les seves dades i de limitaci\u00f3 o oposici\u00f3 al seu tractament.<\/p><p class=\"p1\">&#8211; Dret a presentar una reclamaci\u00f3 davant l\u2019Autoritat de control (www.aepd.es) si considera que el tractament no<\/p><p class=\"p1\">s\u2019ajusta a la normativa vigent.<\/p>\t\t\t\t\t<\/div>\n\t\t\t\t\t\t<\/div>\n\t\t\t\t<\/div>\n\t\t\t\t<div class=\"elementor-element elementor-element-951bb25 elementor-widget elementor-widget-text-editor\" data-id=\"951bb25\" data-element_type=\"widget\" data-widget_type=\"text-editor.default\">\n\t\t\t\t<div class=\"elementor-widget-container\">\n\t\t\t\t\t\t\t\t<div class=\"elementor-text-editor elementor-clearfix\">\n\t\t\t\t<p class=\"p1\"><strong>Datos de contacto para ejercer sus derechos:<\/strong><\/p><p class=\"p1\">KOMPINI TECHNOLOGIES SL. C\/ SANT ROC, 35 &#8211; 08570 TORELLO (Barcelona). E-mail: info@kompini.com<\/p>\t\t\t\t\t<\/div>\n\t\t\t\t\t\t<\/div>\n\t\t\t\t<\/div>\n\t\t\t\t<div class=\"elementor-element elementor-element-ab7218a elementor-widget elementor-widget-text-editor\" data-id=\"ab7218a\" data-element_type=\"widget\" data-widget_type=\"text-editor.default\">\n\t\t\t\t<div class=\"elementor-widget-container\">\n\t\t\t\t\t\t\t\t<div class=\"elementor-text-editor elementor-clearfix\">\n\t\t\t\t<p class=\"p1\">Per continuar, heu d\u2019acceptar que heu llegit i que esteu conforme amb la cl\u00e0usula anterior.<\/p>\t\t\t\t\t<\/div>\n\t\t\t\t\t\t<\/div>\n\t\t\t\t<\/div>\n\t\t\t\t\t\t<\/div>\n\t\t\t\t\t<\/div>\n\t\t<\/div>\n\t\t\t\t\t\t\t\t<\/div>\n\t\t\t\t\t<\/div>\n\t\t<\/section>\n\t\t\t\t\t\t\t\t\t<\/div>\n\t\t\t<\/div>\n\t\t\t\t\t<\/div>","protected":false},"excerpt":{"rendered":"<p>CONSENTIMENT PER AL TRACTAMENT DE DADES PERSONALS \u00bfQui\u00e9n es el responsable del tratamiento de tus datos personales? KOMPINI TECHNOLOGIES SL \u00e9s el Responsable del tractament de les dades personals de l\u2019Usuari i l\u2019informa que aquestes dades es tractaran de conformitat amb el que estableix el Reglament (UE) 2016\/679, de 27 d\u2019abril (GDPR), i la Llei [&hellip;]<\/p>\n","protected":false},"author":2,"featured_media":0,"parent":0,"menu_order":0,"comment_status":"closed","ping_status":"closed","template":"","meta":{"footnotes":""},"yoast_head":"<!-- This site is optimized with the Yoast SEO plugin v21.8 - https:\/\/yoast.com\/wordpress\/plugins\/seo\/ -->\n<title>Formulari: Consentiment per al tractament de dades personals - Tankuam<\/title>\n<meta name=\"description\" content=\"CONSENTIMENT PER AL TRACTAMENT DE DADES PERSONALS \u00bfQui\u00e9n es el responsable del tratamiento de tus datos personales? KOMPINI TECHNOLOGIES SL \u00e9s el\" \/>\n<meta name=\"robots\" content=\"noindex, follow\" \/>\n<meta property=\"og:locale\" content=\"es_ES\" \/>\n<meta property=\"og:type\" content=\"article\" \/>\n<meta property=\"og:title\" content=\"Formulari: Consentiment per al tractament de dades personals - Tankuam\" \/>\n<meta property=\"og:description\" content=\"CONSENTIMENT PER AL TRACTAMENT DE DADES PERSONALS \u00bfQui\u00e9n es el responsable del tratamiento de tus datos personales? KOMPINI TECHNOLOGIES SL \u00e9s el\" \/>\n<meta property=\"og:url\" content=\"https:\/\/tankuam.com\/es\/formularipolitica\/\" \/>\n<meta property=\"og:site_name\" content=\"Tankuam\" \/>\n<meta property=\"article:modified_time\" content=\"2021-01-25T11:29:38+00:00\" \/>\n<meta name=\"twitter:card\" content=\"summary_large_image\" \/>\n<meta name=\"twitter:label1\" content=\"Tiempo de lectura\" \/>\n\t<meta name=\"twitter:data1\" content=\"1 minuto\" \/>\n<script type=\"application\/ld+json\" class=\"yoast-schema-graph\">{\"@context\":\"https:\/\/schema.org\",\"@graph\":[{\"@type\":\"WebPage\",\"@id\":\"https:\/\/tankuam.com\/formularipolitica\/\",\"url\":\"https:\/\/tankuam.com\/formularipolitica\/\",\"name\":\"Formulari: Consentiment per al tractament de dades personals - Tankuam\",\"isPartOf\":{\"@id\":\"https:\/\/tankuam.com\/#website\"},\"datePublished\":\"2021-01-25T11:01:13+00:00\",\"dateModified\":\"2021-01-25T11:29:38+00:00\",\"description\":\"CONSENTIMENT PER AL TRACTAMENT DE DADES PERSONALS \u00bfQui\u00e9n es el responsable del tratamiento de tus datos personales? KOMPINI TECHNOLOGIES SL \u00e9s el\",\"breadcrumb\":{\"@id\":\"https:\/\/tankuam.com\/formularipolitica\/#breadcrumb\"},\"inLanguage\":\"es\",\"potentialAction\":[{\"@type\":\"ReadAction\",\"target\":[\"https:\/\/tankuam.com\/formularipolitica\/\"]}]},{\"@type\":\"BreadcrumbList\",\"@id\":\"https:\/\/tankuam.com\/formularipolitica\/#breadcrumb\",\"itemListElement\":[{\"@type\":\"ListItem\",\"position\":1,\"name\":\"Inici\",\"item\":\"https:\/\/tankuam.com\/\"},{\"@type\":\"ListItem\",\"position\":2,\"name\":\"Formulari: Consentiment per al tractament de dades personals\"}]},{\"@type\":\"WebSite\",\"@id\":\"https:\/\/tankuam.com\/#website\",\"url\":\"https:\/\/tankuam.com\/\",\"name\":\"Tankuam\",\"description\":\"Tota la gesti\u00f3 i el control en un \u00fanic espai\",\"publisher\":{\"@id\":\"https:\/\/tankuam.com\/#organization\"},\"potentialAction\":[{\"@type\":\"SearchAction\",\"target\":{\"@type\":\"EntryPoint\",\"urlTemplate\":\"https:\/\/tankuam.com\/?s={search_term_string}\"},\"query-input\":\"required name=search_term_string\"}],\"inLanguage\":\"es\"},{\"@type\":\"Organization\",\"@id\":\"https:\/\/tankuam.com\/#organization\",\"name\":\"Tankuam\",\"url\":\"https:\/\/tankuam.com\/\",\"logo\":{\"@type\":\"ImageObject\",\"inLanguage\":\"es\",\"@id\":\"https:\/\/tankuam.com\/#\/schema\/logo\/image\/\",\"url\":\"https:\/\/tankuam.com\/wp-content\/uploads\/2020\/07\/tankuamambmida.png\",\"contentUrl\":\"https:\/\/tankuam.com\/wp-content\/uploads\/2020\/07\/tankuamambmida.png\",\"width\":940,\"height\":200,\"caption\":\"Tankuam\"},\"image\":{\"@id\":\"https:\/\/tankuam.com\/#\/schema\/logo\/image\/\"}}]}<\/script>\n<!-- \/ Yoast SEO plugin. -->","yoast_head_json":{"title":"Formulari: Consentiment per al tractament de dades personals - Tankuam","description":"CONSENTIMENT PER AL TRACTAMENT DE DADES PERSONALS \u00bfQui\u00e9n es el responsable del tratamiento de tus datos personales? KOMPINI TECHNOLOGIES SL \u00e9s el","robots":{"index":"noindex","follow":"follow"},"og_locale":"es_ES","og_type":"article","og_title":"Formulari: Consentiment per al tractament de dades personals - Tankuam","og_description":"CONSENTIMENT PER AL TRACTAMENT DE DADES PERSONALS \u00bfQui\u00e9n es el responsable del tratamiento de tus datos personales? KOMPINI TECHNOLOGIES SL \u00e9s el","og_url":"https:\/\/tankuam.com\/es\/formularipolitica\/","og_site_name":"Tankuam","article_modified_time":"2021-01-25T11:29:38+00:00","twitter_card":"summary_large_image","twitter_misc":{"Tiempo de lectura":"1 minuto"},"schema":{"@context":"https:\/\/schema.org","@graph":[{"@type":"WebPage","@id":"https:\/\/tankuam.com\/formularipolitica\/","url":"https:\/\/tankuam.com\/formularipolitica\/","name":"Formulari: Consentiment per al tractament de dades personals - Tankuam","isPartOf":{"@id":"https:\/\/tankuam.com\/#website"},"datePublished":"2021-01-25T11:01:13+00:00","dateModified":"2021-01-25T11:29:38+00:00","description":"CONSENTIMENT PER AL TRACTAMENT DE DADES PERSONALS \u00bfQui\u00e9n es el responsable del tratamiento de tus datos personales? KOMPINI TECHNOLOGIES SL \u00e9s el","breadcrumb":{"@id":"https:\/\/tankuam.com\/formularipolitica\/#breadcrumb"},"inLanguage":"es","potentialAction":[{"@type":"ReadAction","target":["https:\/\/tankuam.com\/formularipolitica\/"]}]},{"@type":"BreadcrumbList","@id":"https:\/\/tankuam.com\/formularipolitica\/#breadcrumb","itemListElement":[{"@type":"ListItem","position":1,"name":"Inici","item":"https:\/\/tankuam.com\/"},{"@type":"ListItem","position":2,"name":"Formulari: Consentiment per al tractament de dades personals"}]},{"@type":"WebSite","@id":"https:\/\/tankuam.com\/#website","url":"https:\/\/tankuam.com\/","name":"Tankuam","description":"Toda la gesti\u00f3n y el control en un \u00fanico espacio","publisher":{"@id":"https:\/\/tankuam.com\/#organization"},"potentialAction":[{"@type":"SearchAction","target":{"@type":"EntryPoint","urlTemplate":"https:\/\/tankuam.com\/?s={search_term_string}"},"query-input":"required name=search_term_string"}],"inLanguage":"es"},{"@type":"Organization","@id":"https:\/\/tankuam.com\/#organization","name":"Tankuam","url":"https:\/\/tankuam.com\/","logo":{"@type":"ImageObject","inLanguage":"es","@id":"https:\/\/tankuam.com\/#\/schema\/logo\/image\/","url":"https:\/\/tankuam.com\/wp-content\/uploads\/2020\/07\/tankuamambmida.png","contentUrl":"https:\/\/tankuam.com\/wp-content\/uploads\/2020\/07\/tankuamambmida.png","width":940,"height":200,"caption":"Tankuam"},"image":{"@id":"https:\/\/tankuam.com\/#\/schema\/logo\/image\/"}}]}},"_links":{"self":[{"href":"https:\/\/tankuam.com\/es\/wp-json\/wp\/v2\/pages\/17051"}],"collection":[{"href":"https:\/\/tankuam.com\/es\/wp-json\/wp\/v2\/pages"}],"about":[{"href":"https:\/\/tankuam.com\/es\/wp-json\/wp\/v2\/types\/page"}],"author":[{"embeddable":true,"href":"https:\/\/tankuam.com\/es\/wp-json\/wp\/v2\/users\/2"}],"replies":[{"embeddable":true,"href":"https:\/\/tankuam.com\/es\/wp-json\/wp\/v2\/comments?post=17051"}],"version-history":[{"count":5,"href":"https:\/\/tankuam.com\/es\/wp-json\/wp\/v2\/pages\/17051\/revisions"}],"predecessor-version":[{"id":17059,"href":"https:\/\/tankuam.com\/es\/wp-json\/wp\/v2\/pages\/17051\/revisions\/17059"}],"wp:attachment":[{"href":"https:\/\/tankuam.com\/es\/wp-json\/wp\/v2\/media?parent=17051"}],"curies":[{"name":"wp","href":"https:\/\/api.w.org\/{rel}","templated":true}]}}