{"id":16485,"date":"2020-10-30T18:51:33","date_gmt":"2020-10-30T16:51:33","guid":{"rendered":"http:\/\/tankuam.com\/?page_id=16485"},"modified":"2024-08-22T10:40:42","modified_gmt":"2024-08-22T08:40:42","slug":"info_tankuam_scanner","status":"publish","type":"page","link":"https:\/\/tankuam.com\/es\/places\/tkm-scanner\/info_tankuam_scanner\/","title":{"rendered":"M\u00e1s informaci\u00f3n Tankuam Scanner"},"content":{"rendered":"\t\t<div data-elementor-type=\"wp-page\" data-elementor-id=\"16485\" class=\"elementor elementor-16485\" data-elementor-post-type=\"page\">\n\t\t\t\t\t\t<div class=\"elementor-inner\">\n\t\t\t\t<div class=\"elementor-section-wrap\">\n\t\t\t\t\t\t\t\t\t<section class=\"elementor-section elementor-top-section elementor-element elementor-element-8103554 elementor-section-height-min-height elementor-section-boxed elementor-section-height-default elementor-section-items-middle\" data-id=\"8103554\" data-element_type=\"section\" data-settings=\"{&quot;background_background&quot;:&quot;classic&quot;,&quot;jet_parallax_layout_list&quot;:[]}\">\n\t\t\t\t\t\t<div class=\"elementor-container elementor-column-gap-default\">\n\t\t\t\t\t\t\t<div class=\"elementor-row\">\n\t\t\t\t\t<div class=\"elementor-column elementor-col-50 elementor-top-column elementor-element elementor-element-b6e54be\" data-id=\"b6e54be\" data-element_type=\"column\">\n\t\t\t<div class=\"elementor-column-wrap elementor-element-populated\">\n\t\t\t\t\t\t\t<div class=\"elementor-widget-wrap\">\n\t\t\t\t\t\t<div class=\"elementor-element elementor-element-09da169 elementor-widget elementor-widget-heading\" data-id=\"09da169\" data-element_type=\"widget\" data-widget_type=\"heading.default\">\n\t\t\t\t<div class=\"elementor-widget-container\">\n\t\t\t<h2 class=\"elementor-heading-title elementor-size-default\">Mai ha estat tant f\u00e0cil validar les entrades.<\/h2>\t\t<\/div>\n\t\t\t\t<\/div>\n\t\t\t\t<div class=\"elementor-element elementor-element-9cb9efd elementor-widget elementor-widget-text-editor\" data-id=\"9cb9efd\" data-element_type=\"widget\" data-widget_type=\"text-editor.default\">\n\t\t\t\t<div class=\"elementor-widget-container\">\n\t\t\t\t\t\t\t\t<div class=\"elementor-text-editor elementor-clearfix\">\n\t\t\t\t<p>Sol\u00b7licita m\u00e9s informaci\u00f3 sobre la nova funcionalitat de validaci\u00f3 d&#8217;entrades, i tingues tota la informaci\u00f3 de com pots controlar i gestionar els teus esdeveniments mitjan\u00e7ant Tankuam.\u00a0<\/p>\t\t\t\t\t<\/div>\n\t\t\t\t\t\t<\/div>\n\t\t\t\t<\/div>\n\t\t\t\t<div class=\"elementor-element elementor-element-93b8340 elementor-widget elementor-widget-image\" data-id=\"93b8340\" data-element_type=\"widget\" data-widget_type=\"image.default\">\n\t\t\t\t<div class=\"elementor-widget-container\">\n\t\t\t\t\t\t\t\t<div class=\"elementor-image\">\n\t\t\t\t\t\t\t\t\t\t\t\t<img fetchpriority=\"high\" decoding=\"async\" width=\"389\" height=\"695\" src=\"https:\/\/tankuam.com\/wp-content\/uploads\/2024\/05\/slidev2inicitkmscanner.webp\" class=\"attachment-large size-large wp-image-22706\" alt=\"\" srcset=\"https:\/\/tankuam.com\/wp-content\/uploads\/2024\/05\/slidev2inicitkmscanner.webp 389w, https:\/\/tankuam.com\/wp-content\/uploads\/2024\/05\/slidev2inicitkmscanner-168x300.webp 168w, https:\/\/tankuam.com\/wp-content\/uploads\/2024\/05\/slidev2inicitkmscanner-7x12.webp 7w\" sizes=\"(max-width: 389px) 100vw, 389px\" \/>\t\t\t\t\t\t\t\t\t\t\t\t\t\t<\/div>\n\t\t\t\t\t\t<\/div>\n\t\t\t\t<\/div>\n\t\t\t\t\t\t<\/div>\n\t\t\t\t\t<\/div>\n\t\t<\/div>\n\t\t\t\t<div class=\"elementor-column elementor-col-50 elementor-top-column elementor-element elementor-element-7355da8\" data-id=\"7355da8\" data-element_type=\"column\" data-settings=\"{&quot;background_background&quot;:&quot;classic&quot;}\">\n\t\t\t<div class=\"elementor-column-wrap elementor-element-populated\">\n\t\t\t\t\t\t\t<div class=\"elementor-widget-wrap\">\n\t\t\t\t\t\t<div class=\"elementor-element elementor-element-81e1290 elementor-button-align-stretch elementor-widget elementor-widget-form\" data-id=\"81e1290\" data-element_type=\"widget\" data-settings=\"{&quot;step_next_label&quot;:&quot;Next&quot;,&quot;step_previous_label&quot;:&quot;Previous&quot;,&quot;button_width&quot;:&quot;100&quot;,&quot;step_type&quot;:&quot;number_text&quot;,&quot;step_icon_shape&quot;:&quot;circle&quot;}\" data-widget_type=\"form.default\">\n\t\t\t\t<div class=\"elementor-widget-container\">\n\t\t\t\t\t<form class=\"elementor-form\" method=\"post\" name=\"Nou formulari\">\n\t\t\t<input type=\"hidden\" name=\"post_id\" value=\"16485\"\/>\n\t\t\t<input type=\"hidden\" name=\"form_id\" value=\"81e1290\"\/>\n\t\t\t<input type=\"hidden\" name=\"referer_title\" value=\"Tankuam\" \/>\n\n\t\t\t\n\t\t\t<div class=\"elementor-form-fields-wrapper elementor-labels-above\">\n\t\t\t\t\t\t\t\t<div class=\"elementor-field-type-text elementor-field-group elementor-column elementor-field-group-name elementor-col-100\">\n\t\t\t\t\t\t\t\t\t\t\t\t<label for=\"form-field-name\" class=\"elementor-field-label\">\n\t\t\t\t\t\t\t\tNom\t\t\t\t\t\t\t<\/label>\n\t\t\t\t\t\t\t\t\t\t\t\t\t\t<input size=\"1\" type=\"text\" name=\"form_fields[name]\" id=\"form-field-name\" class=\"elementor-field elementor-size-sm  elementor-field-textual\" placeholder=\"Nom\">\n\t\t\t\t\t\t\t\t\t\t\t<\/div>\n\t\t\t\t\t\t\t\t<div class=\"elementor-field-type-email elementor-field-group elementor-column elementor-field-group-email elementor-col-100 elementor-field-required\">\n\t\t\t\t\t\t\t\t\t\t\t\t<label for=\"form-field-email\" class=\"elementor-field-label\">\n\t\t\t\t\t\t\t\tCorreu electr\u00f2nic\t\t\t\t\t\t\t<\/label>\n\t\t\t\t\t\t\t\t\t\t\t\t\t\t<input size=\"1\" type=\"email\" name=\"form_fields[email]\" id=\"form-field-email\" class=\"elementor-field elementor-size-sm  elementor-field-textual\" placeholder=\"Correu electr\u00f2nic\" required=\"required\" aria-required=\"true\">\n\t\t\t\t\t\t\t\t\t\t\t<\/div>\n\t\t\t\t\t\t\t\t<div class=\"elementor-field-type-textarea elementor-field-group elementor-column elementor-field-group-message elementor-col-100\">\n\t\t\t\t\t\t\t\t\t\t\t\t<label for=\"form-field-message\" class=\"elementor-field-label\">\n\t\t\t\t\t\t\t\tMissatge \t\t\t\t\t\t\t<\/label>\n\t\t\t\t\t\t<textarea class=\"elementor-field-textual elementor-field  elementor-size-sm\" name=\"form_fields[message]\" id=\"form-field-message\" rows=\"4\" placeholder=\"Missatge \"><\/textarea>\t\t\t\t<\/div>\n\t\t\t\t\t\t\t\t<div class=\"elementor-field-group elementor-column elementor-field-type-submit elementor-col-100 e-form__buttons\">\n\t\t\t\t\t<button type=\"submit\" class=\"elementor-button elementor-size-sm\">\n\t\t\t\t\t\t<span >\n\t\t\t\t\t\t\t\t\t\t\t\t\t\t\t<span class=\" elementor-button-icon\">\n\t\t\t\t\t\t\t\t\t\t\t\t\t\t\t\t\t\t\t\t\t\t\t\t\t\t<\/span>\n\t\t\t\t\t\t\t\t\t\t\t\t\t\t\t\t\t\t\t\t\t\t<span class=\"elementor-button-text\">Enviar<\/span>\n\t\t\t\t\t\t\t\t\t\t\t\t\t<\/span>\n\t\t\t\t\t<\/button>\n\t\t\t\t<\/div>\n\t\t\t<\/div>\n\t\t<\/form>\n\t\t\t\t<\/div>\n\t\t\t\t<\/div>\n\t\t\t\t\t\t<\/div>\n\t\t\t\t\t<\/div>\n\t\t<\/div>\n\t\t\t\t\t\t\t\t<\/div>\n\t\t\t\t\t<\/div>\n\t\t<\/section>\n\t\t\t\t\t\t\t\t\t<\/div>\n\t\t\t<\/div>\n\t\t\t\t\t<\/div>\n\t\t","protected":false},"excerpt":{"rendered":"<p>Mai ha estat tant f\u00e0cil validar les entrades. Sol\u00b7licita m\u00e9s informaci\u00f3 sobre la nova funcionalitat de validaci\u00f3 d&#8217;entrades, i tingues tota la informaci\u00f3 de com pots controlar i gestionar els teus esdeveniments mitjan\u00e7ant Tankuam.\u00a0<\/p>","protected":false},"author":1,"featured_media":0,"parent":16445,"menu_order":0,"comment_status":"closed","ping_status":"closed","template":"","meta":{"footnotes":""},"yoast_head":"<!-- This site is optimized with the Yoast SEO plugin v21.8 - https:\/\/yoast.com\/wordpress\/plugins\/seo\/ -->\n<title>M\u00e9s informaci\u00f3 Tankuam Scanner - Tankuam<\/title>\n<meta name=\"description\" content=\"Mai ha estat tant f\u00e0cil validar les entrades. Sol\u00b7licita m\u00e9s informaci\u00f3 sobre la nova funcionalitat de validaci\u00f3 d&#039;entrades, i tingues tota la informaci\u00f3\" \/>\n<meta name=\"robots\" content=\"noindex, follow\" \/>\n<meta property=\"og:locale\" content=\"es_ES\" \/>\n<meta property=\"og:type\" content=\"article\" \/>\n<meta property=\"og:title\" content=\"M\u00e9s informaci\u00f3 Tankuam Scanner - Tankuam\" \/>\n<meta property=\"og:description\" content=\"Mai ha estat tant f\u00e0cil validar les entrades. Sol\u00b7licita m\u00e9s informaci\u00f3 sobre la nova funcionalitat de validaci\u00f3 d&#039;entrades, i tingues tota la informaci\u00f3\" \/>\n<meta property=\"og:url\" content=\"https:\/\/tankuam.com\/es\/places\/tkm-scanner\/info_tankuam_scanner\/\" \/>\n<meta property=\"og:site_name\" content=\"Tankuam\" \/>\n<meta property=\"article:modified_time\" content=\"2024-08-22T08:40:42+00:00\" \/>\n<meta property=\"og:image\" content=\"https:\/\/tankuam.com\/wp-content\/uploads\/2024\/05\/slidev2inicitkmscanner.webp\" \/>\n<meta name=\"twitter:card\" content=\"summary_large_image\" \/>\n<meta name=\"twitter:label1\" content=\"Tiempo de lectura\" \/>\n\t<meta name=\"twitter:data1\" content=\"1 minuto\" \/>\n<script type=\"application\/ld+json\" class=\"yoast-schema-graph\">{\"@context\":\"https:\/\/schema.org\",\"@graph\":[{\"@type\":\"WebPage\",\"@id\":\"https:\/\/tankuam.com\/places\/tkm-scanner\/info_tankuam_scanner\/\",\"url\":\"https:\/\/tankuam.com\/places\/tkm-scanner\/info_tankuam_scanner\/\",\"name\":\"M\u00e9s informaci\u00f3 Tankuam Scanner - Tankuam\",\"isPartOf\":{\"@id\":\"https:\/\/tankuam.com\/#website\"},\"datePublished\":\"2020-10-30T16:51:33+00:00\",\"dateModified\":\"2024-08-22T08:40:42+00:00\",\"description\":\"Mai ha estat tant f\u00e0cil validar les entrades. Sol\u00b7licita m\u00e9s informaci\u00f3 sobre la nova funcionalitat de validaci\u00f3 d'entrades, i tingues tota la informaci\u00f3\",\"breadcrumb\":{\"@id\":\"https:\/\/tankuam.com\/places\/tkm-scanner\/info_tankuam_scanner\/#breadcrumb\"},\"inLanguage\":\"es\",\"potentialAction\":[{\"@type\":\"ReadAction\",\"target\":[\"https:\/\/tankuam.com\/places\/tkm-scanner\/info_tankuam_scanner\/\"]}]},{\"@type\":\"BreadcrumbList\",\"@id\":\"https:\/\/tankuam.com\/places\/tkm-scanner\/info_tankuam_scanner\/#breadcrumb\",\"itemListElement\":[{\"@type\":\"ListItem\",\"position\":1,\"name\":\"Inici\",\"item\":\"https:\/\/tankuam.com\/\"},{\"@type\":\"ListItem\",\"position\":2,\"name\":\"Places\",\"item\":\"https:\/\/tankuam.com\/places\/\"},{\"@type\":\"ListItem\",\"position\":3,\"name\":\"TKM-Scanner\",\"item\":\"https:\/\/tankuam.com\/places\/tkm-scanner\/\"},{\"@type\":\"ListItem\",\"position\":4,\"name\":\"M\u00e9s informaci\u00f3 Tankuam Scanner\"}]},{\"@type\":\"WebSite\",\"@id\":\"https:\/\/tankuam.com\/#website\",\"url\":\"https:\/\/tankuam.com\/\",\"name\":\"Tankuam\",\"description\":\"Tota la gesti\u00f3 i el control en un \u00fanic espai\",\"publisher\":{\"@id\":\"https:\/\/tankuam.com\/#organization\"},\"potentialAction\":[{\"@type\":\"SearchAction\",\"target\":{\"@type\":\"EntryPoint\",\"urlTemplate\":\"https:\/\/tankuam.com\/?s={search_term_string}\"},\"query-input\":\"required name=search_term_string\"}],\"inLanguage\":\"es\"},{\"@type\":\"Organization\",\"@id\":\"https:\/\/tankuam.com\/#organization\",\"name\":\"Tankuam\",\"url\":\"https:\/\/tankuam.com\/\",\"logo\":{\"@type\":\"ImageObject\",\"inLanguage\":\"es\",\"@id\":\"https:\/\/tankuam.com\/#\/schema\/logo\/image\/\",\"url\":\"https:\/\/tankuam.com\/wp-content\/uploads\/2020\/07\/tankuamambmida.png\",\"contentUrl\":\"https:\/\/tankuam.com\/wp-content\/uploads\/2020\/07\/tankuamambmida.png\",\"width\":940,\"height\":200,\"caption\":\"Tankuam\"},\"image\":{\"@id\":\"https:\/\/tankuam.com\/#\/schema\/logo\/image\/\"}}]}<\/script>\n<!-- \/ Yoast SEO plugin. -->","yoast_head_json":{"title":"M\u00e1s informaci\u00f3n Tankuam Scanner - Tankuam","description":"Nunca ha sido tan f\u00e1cil validar las entradas. Solicita m\u00e1s informaci\u00f3n sobre la nueva funcionalidad de validaci\u00f3n de entradas, y ten toda la informaci\u00f3n.","robots":{"index":"noindex","follow":"follow"},"og_locale":"es_ES","og_type":"article","og_title":"M\u00e9s informaci\u00f3 Tankuam Scanner - Tankuam","og_description":"Mai ha estat tant f\u00e0cil validar les entrades. Sol\u00b7licita m\u00e9s informaci\u00f3 sobre la nova funcionalitat de validaci\u00f3 d'entrades, i tingues tota la informaci\u00f3","og_url":"https:\/\/tankuam.com\/es\/places\/tkm-scanner\/info_tankuam_scanner\/","og_site_name":"Tankuam","article_modified_time":"2024-08-22T08:40:42+00:00","og_image":[{"url":"https:\/\/tankuam.com\/wp-content\/uploads\/2024\/05\/slidev2inicitkmscanner.webp"}],"twitter_card":"summary_large_image","twitter_misc":{"Tiempo de lectura":"1 minuto"},"schema":{"@context":"https:\/\/schema.org","@graph":[{"@type":"WebPage","@id":"https:\/\/tankuam.com\/places\/tkm-scanner\/info_tankuam_scanner\/","url":"https:\/\/tankuam.com\/places\/tkm-scanner\/info_tankuam_scanner\/","name":"M\u00e1s informaci\u00f3n Tankuam Scanner - Tankuam","isPartOf":{"@id":"https:\/\/tankuam.com\/#website"},"datePublished":"2020-10-30T16:51:33+00:00","dateModified":"2024-08-22T08:40:42+00:00","description":"Nunca ha sido tan f\u00e1cil validar las entradas. Solicita m\u00e1s informaci\u00f3n sobre la nueva funcionalidad de validaci\u00f3n de entradas, y ten toda la informaci\u00f3n.","breadcrumb":{"@id":"https:\/\/tankuam.com\/places\/tkm-scanner\/info_tankuam_scanner\/#breadcrumb"},"inLanguage":"es","potentialAction":[{"@type":"ReadAction","target":["https:\/\/tankuam.com\/places\/tkm-scanner\/info_tankuam_scanner\/"]}]},{"@type":"BreadcrumbList","@id":"https:\/\/tankuam.com\/places\/tkm-scanner\/info_tankuam_scanner\/#breadcrumb","itemListElement":[{"@type":"ListItem","position":1,"name":"Inici","item":"https:\/\/tankuam.com\/"},{"@type":"ListItem","position":2,"name":"Places","item":"https:\/\/tankuam.com\/places\/"},{"@type":"ListItem","position":3,"name":"TKM-Scanner","item":"https:\/\/tankuam.com\/places\/tkm-scanner\/"},{"@type":"ListItem","position":4,"name":"M\u00e9s informaci\u00f3 Tankuam Scanner"}]},{"@type":"WebSite","@id":"https:\/\/tankuam.com\/#website","url":"https:\/\/tankuam.com\/","name":"Tankuam","description":"Toda la gesti\u00f3n y el control en un \u00fanico espacio","publisher":{"@id":"https:\/\/tankuam.com\/#organization"},"potentialAction":[{"@type":"SearchAction","target":{"@type":"EntryPoint","urlTemplate":"https:\/\/tankuam.com\/?s={search_term_string}"},"query-input":"required name=search_term_string"}],"inLanguage":"es"},{"@type":"Organization","@id":"https:\/\/tankuam.com\/#organization","name":"Tankuam","url":"https:\/\/tankuam.com\/","logo":{"@type":"ImageObject","inLanguage":"es","@id":"https:\/\/tankuam.com\/#\/schema\/logo\/image\/","url":"https:\/\/tankuam.com\/wp-content\/uploads\/2020\/07\/tankuamambmida.png","contentUrl":"https:\/\/tankuam.com\/wp-content\/uploads\/2020\/07\/tankuamambmida.png","width":940,"height":200,"caption":"Tankuam"},"image":{"@id":"https:\/\/tankuam.com\/#\/schema\/logo\/image\/"}}]}},"_links":{"self":[{"href":"https:\/\/tankuam.com\/es\/wp-json\/wp\/v2\/pages\/16485"}],"collection":[{"href":"https:\/\/tankuam.com\/es\/wp-json\/wp\/v2\/pages"}],"about":[{"href":"https:\/\/tankuam.com\/es\/wp-json\/wp\/v2\/types\/page"}],"author":[{"embeddable":true,"href":"https:\/\/tankuam.com\/es\/wp-json\/wp\/v2\/users\/1"}],"replies":[{"embeddable":true,"href":"https:\/\/tankuam.com\/es\/wp-json\/wp\/v2\/comments?post=16485"}],"version-history":[{"count":44,"href":"https:\/\/tankuam.com\/es\/wp-json\/wp\/v2\/pages\/16485\/revisions"}],"predecessor-version":[{"id":23199,"href":"https:\/\/tankuam.com\/es\/wp-json\/wp\/v2\/pages\/16485\/revisions\/23199"}],"up":[{"embeddable":true,"href":"https:\/\/tankuam.com\/es\/wp-json\/wp\/v2\/pages\/16445"}],"wp:attachment":[{"href":"https:\/\/tankuam.com\/es\/wp-json\/wp\/v2\/media?parent=16485"}],"curies":[{"name":"wp","href":"https:\/\/api.w.org\/{rel}","templated":true}]}}